{"id":2232,"date":"2021-04-30T13:03:58","date_gmt":"2021-04-30T13:03:58","guid":{"rendered":"https:\/\/azur.road-to-8-figures.com\/?page_id=2232"},"modified":"2025-01-31T17:37:29","modified_gmt":"2025-01-31T17:37:29","slug":"assurance-voyage","status":"publish","type":"page","link":"https:\/\/planetazur.com\/es\/assurance-voyage\/","title":{"rendered":"Viaje de garant\u00eda"},"content":{"rendered":"<div data-elementor-type=\"wp-page\" data-elementor-id=\"2232\" class=\"elementor elementor-2232\" data-elementor-post-type=\"page\">\n\t\t\t\t\t\t<section class=\"elementor-section elementor-top-section elementor-element elementor-element-53e95394 elementor-section-stretched elementor-section-boxed elementor-section-height-default elementor-section-height-default\" data-id=\"53e95394\" data-element_type=\"section\" data-e-type=\"section\" data-settings=\"{&quot;stretch_section&quot;:&quot;section-stretched&quot;,&quot;background_background&quot;:&quot;classic&quot;}\">\n\t\t\t\t\t\t\t<div class=\"elementor-background-overlay\"><\/div>\n\t\t\t\t\t\t\t<div class=\"elementor-container elementor-column-gap-default\">\n\t\t\t\t\t<div class=\"elementor-column elementor-col-100 elementor-top-column elementor-element elementor-element-7f806b80\" data-id=\"7f806b80\" data-element_type=\"column\" data-e-type=\"column\">\n\t\t\t<div class=\"elementor-widget-wrap elementor-element-populated\">\n\t\t\t\t\t\t<div class=\"elementor-element elementor-element-20de03cd elementor-widget elementor-widget-heading\" data-id=\"20de03cd\" data-element_type=\"widget\" data-e-type=\"widget\" data-widget_type=\"heading.default\">\n\t\t\t\t<div class=\"elementor-widget-container\">\n\t\t\t\t\t<h1 class=\"elementor-heading-title elementor-size-xxl\">Seguro de viaje<\/h1>\t\t\t\t<\/div>\n\t\t\t\t<\/div>\n\t\t\t\t\t<\/div>\n\t\t<\/div>\n\t\t\t\t\t<\/div>\n\t\t<\/section>\n\t\t\t\t<section class=\"elementor-section elementor-top-section elementor-element elementor-element-1b8fb258 elementor-section-boxed elementor-section-height-default elementor-section-height-default\" data-id=\"1b8fb258\" data-element_type=\"section\" data-e-type=\"section\" data-settings=\"{&quot;background_background&quot;:&quot;classic&quot;}\">\n\t\t\t\t\t\t<div class=\"elementor-container elementor-column-gap-default\">\n\t\t\t\t\t<div class=\"elementor-column elementor-col-100 elementor-top-column elementor-element elementor-element-49c37e7d\" data-id=\"49c37e7d\" data-element_type=\"column\" data-e-type=\"column\">\n\t\t\t<div class=\"elementor-widget-wrap elementor-element-populated\">\n\t\t\t\t\t\t<div class=\"elementor-element elementor-element-7d218196 elementor-widget elementor-widget-heading\" data-id=\"7d218196\" data-element_type=\"widget\" data-e-type=\"widget\" data-widget_type=\"heading.default\">\n\t\t\t\t<div class=\"elementor-widget-container\">\n\t\t\t\t\t<h2 class=\"elementor-heading-title elementor-size-default\">Seguro de viaje sencillo y flexible<\/h2>\t\t\t\t<\/div>\n\t\t\t\t<\/div>\n\t\t\t\t<div class=\"elementor-element elementor-element-24e84af8 elementor-widget elementor-widget-text-editor\" data-id=\"24e84af8\" data-element_type=\"widget\" data-e-type=\"widget\" data-widget_type=\"text-editor.default\">\n\t\t\t\t<div class=\"elementor-widget-container\">\n\t\t\t\t\t\t\t\t\t<p>Puede comprar y reclamar una indemnizaci\u00f3n en l\u00ednea, incluso despu\u00e9s de salir de su hogar. El seguro de viaje de WorldNomads.com est\u00e1 disponible para personas de m\u00e1s de 130 pa\u00edses. Est\u00e1 dise\u00f1ado para viajeros aventureros y cubre atenci\u00f3n m\u00e9dica en el extranjero, evacuaci\u00f3n, equipaje y una variedad de actividades y deportes de aventura.<\/p>\t\t\t\t\t\t\t\t<\/div>\n\t\t\t\t<\/div>\n\t\t\t\t<div class=\"elementor-element elementor-element-4dea2c6 elementor-widget elementor-widget-shortcode\" data-id=\"4dea2c6\" data-element_type=\"widget\" data-e-type=\"widget\" data-widget_type=\"shortcode.default\">\n\t\t\t\t<div class=\"elementor-widget-container\">\n\t\t\t\t\t\t\t<div class=\"elementor-shortcode\"><script src=\"https:\/\/www.worldnomads.com\/Partner\/GetPartnerWidget?partnerCode=plan3t@zur&amp;source=widget&amp;loadWithPanelExpanded=true&amp;cssVariant=landscape\" async=\"\"><\/script>\n<div id=\"wn-insurance-quote-editor\"><\/div>\n<br><\/div>\n\t\t\t\t\t\t<\/div>\n\t\t\t\t<\/div>\n\t\t\t\t<div class=\"elementor-element elementor-element-4c8d836 elementor-widget elementor-widget-heading\" data-id=\"4c8d836\" data-element_type=\"widget\" data-e-type=\"widget\" data-widget_type=\"heading.default\">\n\t\t\t\t<div class=\"elementor-widget-container\">\n\t\t\t\t\t<h2 class=\"elementor-heading-title elementor-size-default\">7 cosas que debes saber sobre el seguro de viaje<\/h2>\t\t\t\t<\/div>\n\t\t\t\t<\/div>\n\t\t\t\t<div class=\"elementor-element elementor-element-6350155 elementor-widget elementor-widget-text-editor\" data-id=\"6350155\" data-element_type=\"widget\" data-e-type=\"widget\" data-widget_type=\"text-editor.default\">\n\t\t\t\t<div class=\"elementor-widget-container\">\n\t\t\t\t\t\t\t\t\t<ol><li style=\"list-style-type: none;\"><ol><li><strong>Suscriptores confiables y de confianza:\u00a0<\/strong>WorldNomads.com est\u00e1 respaldado por una serie de aseguradoras de viajes s\u00f3lidas y seguras que le brindan una excelente cobertura, asistencia de emergencia las 24 horas y los m\u00e1s altos niveles de soporte y manejo de reclamos cuando m\u00e1s lo necesita.<\/li><li><strong>Buena relaci\u00f3n calidad-precio con la cobertura que necesitas:<\/strong>\u00a0WorldNomads.com cubre lo que es importante para los viajeros de m\u00e1s de 130 pa\u00edses. Concentr\u00e1ndose en lo que usted necesita y dejando de lado lo que no necesita, los precios de World Nomads son algunos de los m\u00e1s competitivos en l\u00ednea.<\/li><li><strong>Flexibilidad cuando m\u00e1s la necesitas:<\/strong>\u00a0\u00bfHas cambiado de plan? Puedes comprar cobertura adicional o solicitar una compensaci\u00f3n en l\u00ednea durante tu viaje. Incluso puedes comprar una p\u00f3liza de World Nomads si ya est\u00e1s de viaje.<\/li><li><strong>Cobertura de una serie de actividades de aventura:<\/strong>\u00a0Desde esqu\u00ed y snowboard en Nueva Zelanda hasta rafting en aguas bravas en Colorado, WorldNomads.com cubre una amplia gama de actividades de aventura, para que puedas aprovechar al m\u00e1ximo tus viajes con tranquilidad.<\/li><li><strong>World Nomads te hace viajar con total seguridad:<\/strong>\u00a0Todos los miembros de WorldNomads.com tienen acceso a alertas de seguridad de viaje actualizadas, as\u00ed como a consejos y recomendaciones de seguridad de viaje en l\u00ednea a trav\u00e9s del Centro de seguridad de viajes de World Nomads.<\/li><li><strong>M\u00e1s que un seguro de viaje barato:<\/strong>\u00a0Los miembros de WorldNomads.com pueden aprender el idioma local a trav\u00e9s de una serie de gu\u00edas de idiomas para iPod y iPhone, y mantenerse en contacto con familiares y amigos a trav\u00e9s de un diario de viaje en l\u00ednea.<\/li><li><strong>Compromiso con un servicio al cliente excepcional:<\/strong>\u00a0Queremos asegurarnos de que aproveches al m\u00e1ximo WorldNomads.com. Puedes obtener m\u00e1s informaci\u00f3n sobre por qu\u00e9 es importante contar con un seguro de viaje para tu viaje. Si tienes alguna pregunta sobre tu seguro de viaje o sobre la seguridad general durante el viaje, comun\u00edcate directamente con WorldNomads.com.<\/li><li>\u00a0<\/li><\/ol><\/li><\/ol>\t\t\t\t\t\t\t\t<\/div>\n\t\t\t\t<\/div>\n\t\t\t\t\t<\/div>\n\t\t<\/div>\n\t\t\t\t\t<\/div>\n\t\t<\/section>\n\t\t\t\t<\/div>","protected":false},"excerpt":{"rendered":"<p>Travel insurance Simple and flexible travel insurance You can purchase and claim compensation online, even after leaving your home. WorldNomads.com travel insurance is available to people from over 130 countries. It is designed for adventurous travelers and covers overseas medical care, evacuation, baggage, and a variety of adventure sports and activities. 7 things you should [&hellip;]<\/p>\n","protected":false},"author":8,"featured_media":0,"parent":0,"menu_order":0,"comment_status":"closed","ping_status":"closed","template":"","meta":{"_embed_bokun_bokun_id":0,"footnotes":""},"class_list":["post-2232","page","type-page","status-publish","hentry"],"_links":{"self":[{"href":"https:\/\/planetazur.com\/es\/wp-json\/wp\/v2\/pages\/2232","targetHints":{"allow":["GET"]}}],"collection":[{"href":"https:\/\/planetazur.com\/es\/wp-json\/wp\/v2\/pages"}],"about":[{"href":"https:\/\/planetazur.com\/es\/wp-json\/wp\/v2\/types\/page"}],"author":[{"embeddable":true,"href":"https:\/\/planetazur.com\/es\/wp-json\/wp\/v2\/users\/8"}],"replies":[{"embeddable":true,"href":"https:\/\/planetazur.com\/es\/wp-json\/wp\/v2\/comments?post=2232"}],"version-history":[{"count":20,"href":"https:\/\/planetazur.com\/es\/wp-json\/wp\/v2\/pages\/2232\/revisions"}],"predecessor-version":[{"id":18419,"href":"https:\/\/planetazur.com\/es\/wp-json\/wp\/v2\/pages\/2232\/revisions\/18419"}],"wp:attachment":[{"href":"https:\/\/planetazur.com\/es\/wp-json\/wp\/v2\/media?parent=2232"}],"curies":[{"name":"gracias","href":"https:\/\/api.w.org\/{rel}","templated":true}]}}