{"id":2820,"date":"2021-05-17T13:41:10","date_gmt":"2021-05-17T13:41:10","guid":{"rendered":"https:\/\/azur.road-to-8-figures.com\/?page_id=2820"},"modified":"2025-01-31T13:27:08","modified_gmt":"2025-01-31T13:27:08","slug":"les-meilleurs-hotels-a-marseille","status":"publish","type":"page","link":"https:\/\/planetazur.com\/es\/les-meilleurs-hotels-a-marseille\/","title":{"rendered":"Hoteles"},"content":{"rendered":"<div data-elementor-type=\"wp-page\" data-elementor-id=\"2820\" class=\"elementor elementor-2820\" data-elementor-post-type=\"page\">\n\t\t\t\t\t\t<section class=\"elementor-section elementor-top-section elementor-element elementor-element-53e95394 elementor-section-stretched elementor-section-boxed elementor-section-height-default elementor-section-height-default\" data-id=\"53e95394\" data-element_type=\"section\" data-e-type=\"section\" data-settings=\"{&quot;stretch_section&quot;:&quot;section-stretched&quot;,&quot;background_background&quot;:&quot;classic&quot;}\">\n\t\t\t\t\t\t\t<div class=\"elementor-background-overlay\"><\/div>\n\t\t\t\t\t\t\t<div class=\"elementor-container elementor-column-gap-default\">\n\t\t\t\t\t<div class=\"elementor-column elementor-col-100 elementor-top-column elementor-element elementor-element-7f806b80\" data-id=\"7f806b80\" data-element_type=\"column\" data-e-type=\"column\">\n\t\t\t<div class=\"elementor-widget-wrap elementor-element-populated\">\n\t\t\t\t\t\t<div class=\"elementor-element elementor-element-20de03cd elementor-widget elementor-widget-heading\" data-id=\"20de03cd\" data-element_type=\"widget\" data-e-type=\"widget\" data-widget_type=\"heading.default\">\n\t\t\t\t<div class=\"elementor-widget-container\">\n\t\t\t\t\t<h1 class=\"elementor-heading-title elementor-size-xxl\">Hoteles en Marsella<\/h1>\t\t\t\t<\/div>\n\t\t\t\t<\/div>\n\t\t\t\t\t<\/div>\n\t\t<\/div>\n\t\t\t\t\t<\/div>\n\t\t<\/section>\n\t\t\t\t<section class=\"elementor-section elementor-top-section elementor-element elementor-element-bdd8499 elementor-section-boxed elementor-section-height-default elementor-section-height-default\" data-id=\"bdd8499\" data-element_type=\"section\" data-e-type=\"section\">\n\t\t\t\t\t\t<div class=\"elementor-container elementor-column-gap-default\">\n\t\t\t\t\t<div class=\"elementor-column elementor-col-100 elementor-top-column elementor-element elementor-element-401c8b0\" data-id=\"401c8b0\" data-element_type=\"column\" data-e-type=\"column\">\n\t\t\t<div class=\"elementor-widget-wrap elementor-element-populated\">\n\t\t\t\t\t\t<div class=\"elementor-element elementor-element-3ddab8b elementor-widget elementor-widget-text-editor\" data-id=\"3ddab8b\" data-element_type=\"widget\" data-e-type=\"widget\" data-widget_type=\"text-editor.default\">\n\t\t\t\t<div class=\"elementor-widget-container\">\n\t\t\t\t\t\t\t\t\t<p><strong>Sum\u00e9rjase en la cautivadora esencia de Marsella, la perla mediterr\u00e1nea de Francia, donde los sabores de la cocina local, las pintorescas vistas al mar y la rica cultura impregnan cada rinc\u00f3n.<\/strong>\u00a0\u00bfD\u00f3nde elegir\u00e1s dejar tu equipaje para vivir una experiencia inolvidable? D\u00e9janos guiarte por el caleidoscopio de opciones que ofrecen los hoteles en Marsella.<\/p><p><img fetchpriority=\"high\" decoding=\"async\" class=\"alignleft wp-image-13609\" src=\"https:\/\/planetazur.com\/wp-content\/uploads\/2024\/01\/elisa-schmidt-jGQaEA3YC0-unsplash-300x200.jpg\" alt=\"Hotels in Marseille\" width=\"290\" height=\"193\" srcset=\"https:\/\/planetazur.com\/wp-content\/uploads\/2024\/01\/elisa-schmidt-jGQaEA3YC0-unsplash-300x200.jpg 300w, https:\/\/planetazur.com\/wp-content\/uploads\/2024\/01\/elisa-schmidt-jGQaEA3YC0-unsplash-scaled-600x400.jpg 600w, https:\/\/planetazur.com\/wp-content\/uploads\/2024\/01\/elisa-schmidt-jGQaEA3YC0-unsplash-1024x683.jpg 1024w, https:\/\/planetazur.com\/wp-content\/uploads\/2024\/01\/elisa-schmidt-jGQaEA3YC0-unsplash-768x512.jpg 768w, https:\/\/planetazur.com\/wp-content\/uploads\/2024\/01\/elisa-schmidt-jGQaEA3YC0-unsplash-1536x1024.jpg 1536w, https:\/\/planetazur.com\/wp-content\/uploads\/2024\/01\/elisa-schmidt-jGQaEA3YC0-unsplash-2048x1365.jpg 2048w, https:\/\/planetazur.com\/wp-content\/uploads\/2024\/01\/elisa-schmidt-jGQaEA3YC0-unsplash-18x12.jpg 18w, https:\/\/planetazur.com\/wp-content\/uploads\/2024\/01\/elisa-schmidt-jGQaEA3YC0-unsplash-200x133.jpg 200w\" sizes=\"(max-width: 290px) 100vw, 290px\" \/><\/p><p>Imag\u00ednese paseando por las sinuosas calles del Puerto Viejo, saboreando las delicias culinarias de los bulliciosos mercados y dej\u00e1ndose llevar por la energ\u00eda de esta legendaria ciudad portuaria. Pero \u00bfcu\u00e1l ser\u00e1 su lugar de referencia para que su estancia sea lo m\u00e1s memorable posible?<\/p><p>Los hoteles de Marsella ofrecen una amplia gama de establecimientos, desde establecimientos de renombre en la costa mediterr\u00e1nea hasta establecimientos confidenciales enclavados en el coraz\u00f3n de la ciudad foceana. Cada hotel ofrece un universo \u00fanico, dise\u00f1ado para satisfacer todos los gustos y deseos.<\/p><p><img decoding=\"async\" class=\"alignleft wp-image-13610 size-medium\" src=\"https:\/\/planetazur.com\/wp-content\/uploads\/2024\/01\/nik-lanus-YMOHw3F1Hdk-unsplash-300x200.jpg\" alt=\"hotel room\" width=\"300\" height=\"200\" srcset=\"https:\/\/planetazur.com\/wp-content\/uploads\/2024\/01\/nik-lanus-YMOHw3F1Hdk-unsplash-300x200.jpg 300w, https:\/\/planetazur.com\/wp-content\/uploads\/2024\/01\/nik-lanus-YMOHw3F1Hdk-unsplash-scaled-600x400.jpg 600w, https:\/\/planetazur.com\/wp-content\/uploads\/2024\/01\/nik-lanus-YMOHw3F1Hdk-unsplash-1024x683.jpg 1024w, https:\/\/planetazur.com\/wp-content\/uploads\/2024\/01\/nik-lanus-YMOHw3F1Hdk-unsplash-768x512.jpg 768w, https:\/\/planetazur.com\/wp-content\/uploads\/2024\/01\/nik-lanus-YMOHw3F1Hdk-unsplash-1536x1024.jpg 1536w, https:\/\/planetazur.com\/wp-content\/uploads\/2024\/01\/nik-lanus-YMOHw3F1Hdk-unsplash-2048x1365.jpg 2048w, https:\/\/planetazur.com\/wp-content\/uploads\/2024\/01\/nik-lanus-YMOHw3F1Hdk-unsplash-18x12.jpg 18w, https:\/\/planetazur.com\/wp-content\/uploads\/2024\/01\/nik-lanus-YMOHw3F1Hdk-unsplash-200x133.jpg 200w\" sizes=\"(max-width: 300px) 100vw, 300px\" \/><\/p><p>Su b\u00fasqueda del refugio perfecto comienza aqu\u00ed, donde el encanto de Marsella se combina armoniosamente con la comodidad y la elegancia. No deje que la suerte se le escape de las manos. Reserve ahora su oasis personal en esta bulliciosa ciudad para vivir una experiencia inolvidable en el coraz\u00f3n de los hoteles de Marsella.<\/p><p>Las propiedades frente al mar te invitan a despertarte con el relajante sonido de las olas, con vistas panor\u00e1micas que cautivan la vista. Imagina tomar un caf\u00e9 por la ma\u00f1ana en tu balc\u00f3n privado, respirar el aire del mar y disfrutar del amanecer sobre el Mediterr\u00e1neo.<\/p><p><img decoding=\"async\" class=\"alignleft wp-image-13612 size-medium\" src=\"https:\/\/planetazur.com\/wp-content\/uploads\/2024\/01\/manel-sean-Vgp624ORgAc-unsplash-200x300.jpg\" alt=\"Marseille hotel\" width=\"200\" height=\"300\" srcset=\"https:\/\/planetazur.com\/wp-content\/uploads\/2024\/01\/manel-sean-Vgp624ORgAc-unsplash-200x300.jpg 200w, https:\/\/planetazur.com\/wp-content\/uploads\/2024\/01\/manel-sean-Vgp624ORgAc-unsplash-scaled-600x900.jpg 600w, https:\/\/planetazur.com\/wp-content\/uploads\/2024\/01\/manel-sean-Vgp624ORgAc-unsplash-683x1024.jpg 683w, https:\/\/planetazur.com\/wp-content\/uploads\/2024\/01\/manel-sean-Vgp624ORgAc-unsplash-768x1152.jpg 768w, https:\/\/planetazur.com\/wp-content\/uploads\/2024\/01\/manel-sean-Vgp624ORgAc-unsplash-1024x1536.jpg 1024w, https:\/\/planetazur.com\/wp-content\/uploads\/2024\/01\/manel-sean-Vgp624ORgAc-unsplash-1365x2048.jpg 1365w, https:\/\/planetazur.com\/wp-content\/uploads\/2024\/01\/manel-sean-Vgp624ORgAc-unsplash-8x12.jpg 8w, https:\/\/planetazur.com\/wp-content\/uploads\/2024\/01\/manel-sean-Vgp624ORgAc-unsplash-scaled.jpg 1707w\" sizes=\"(max-width: 200px) 100vw, 200px\" \/><\/p><p>Para quienes prefieren la emoci\u00f3n del centro de la ciudad, los hoteles ubicados en el coraz\u00f3n de Marsella ofrecen f\u00e1cil acceso a boutiques de moda, lugares hist\u00f3ricos y vida nocturna. Descubra las joyas ocultas de la ciudad con recomendaciones locales de nuestro atento personal, listo para hacer que su estad\u00eda sea lo m\u00e1s aut\u00e9ntica posible.<\/p><p>Cada hotel cuenta una historia, una historia de lujo, confort y hospitalidad. Desde habitaciones elegantemente decoradas hasta instalaciones modernas, cada detalle est\u00e1 pensado cuidadosamente para ofrecerle una experiencia excepcional.<\/p><p><strong>No te resistas a la llamada de Marsella. Reserva ahora y sum\u00e9rgete en una aventura sensorial donde cada momento se convierte en un recuerdo inolvidable.<\/strong>\u00a0Tu remanso de paz en Marsella te espera. Reserva hoy mismo y crea recuerdos que durar\u00e1n toda la vida en el coraz\u00f3n de los hoteles de Marsella.<\/p><p><img loading=\"lazy\" decoding=\"async\" class=\"aligncenter wp-image-13613\" src=\"https:\/\/planetazur.com\/wp-content\/uploads\/2024\/01\/markus-spiske-g5ZIXjzRGds-unsplash-300x200.jpg\" alt=\"Marseille Hotels Rooms\" width=\"539\" height=\"360\" srcset=\"https:\/\/planetazur.com\/wp-content\/uploads\/2024\/01\/markus-spiske-g5ZIXjzRGds-unsplash-300x200.jpg 300w, https:\/\/planetazur.com\/wp-content\/uploads\/2024\/01\/markus-spiske-g5ZIXjzRGds-unsplash-scaled-600x400.jpg 600w, https:\/\/planetazur.com\/wp-content\/uploads\/2024\/01\/markus-spiske-g5ZIXjzRGds-unsplash-1024x683.jpg 1024w, https:\/\/planetazur.com\/wp-content\/uploads\/2024\/01\/markus-spiske-g5ZIXjzRGds-unsplash-768x512.jpg 768w, https:\/\/planetazur.com\/wp-content\/uploads\/2024\/01\/markus-spiske-g5ZIXjzRGds-unsplash-1536x1024.jpg 1536w, https:\/\/planetazur.com\/wp-content\/uploads\/2024\/01\/markus-spiske-g5ZIXjzRGds-unsplash-2048x1365.jpg 2048w, https:\/\/planetazur.com\/wp-content\/uploads\/2024\/01\/markus-spiske-g5ZIXjzRGds-unsplash-18x12.jpg 18w, https:\/\/planetazur.com\/wp-content\/uploads\/2024\/01\/markus-spiske-g5ZIXjzRGds-unsplash-200x133.jpg 200w\" sizes=\"(max-width: 539px) 100vw, 539px\" \/><\/p>\t\t\t\t\t\t\t\t<\/div>\n\t\t\t\t<\/div>\n\t\t\t\t<div class=\"elementor-element elementor-element-624ee10 elementor-widget elementor-widget-shortcode\" data-id=\"624ee10\" data-element_type=\"widget\" data-e-type=\"widget\" data-widget_type=\"shortcode.default\">\n\t\t\t\t<div class=\"elementor-widget-container\">\n\t\t\t\t\t\t\t<div class=\"elementor-shortcode\"><script src=\"https:\/\/www.travelpayouts.com\/blissey\/scripts_fr.js?currency=eur&categories=center&id=15298&type=compact&marker=274610&trs=49872&powered_by=true&host=search.hotellook.com&locale=fr&limit=10&nobooking=\" charset=\"utf-8\"><\/script><\/div>\n\t\t\t\t\t\t<\/div>\n\t\t\t\t<\/div>\n\t\t\t\t\t<\/div>\n\t\t<\/div>\n\t\t\t\t\t<\/div>\n\t\t<\/section>\n\t\t\t\t<\/div>","protected":false},"excerpt":{"rendered":"<p>Hotels in Marseille Immerse yourself in the captivating essence of Marseille, France&#8217;s Mediterranean pearl, where the flavors of local cuisine, picturesque sea views and rich culture permeate every corner.\u00a0So, where will you choose to set down your bags for an unforgettable experience? Let us guide you through the kaleidoscope of options offered by Hotels in [&hellip;]<\/p>\n","protected":false},"author":8,"featured_media":0,"parent":0,"menu_order":0,"comment_status":"closed","ping_status":"closed","template":"","meta":{"_embed_bokun_bokun_id":0,"footnotes":""},"class_list":["post-2820","page","type-page","status-publish","hentry"],"_links":{"self":[{"href":"https:\/\/planetazur.com\/es\/wp-json\/wp\/v2\/pages\/2820","targetHints":{"allow":["GET"]}}],"collection":[{"href":"https:\/\/planetazur.com\/es\/wp-json\/wp\/v2\/pages"}],"about":[{"href":"https:\/\/planetazur.com\/es\/wp-json\/wp\/v2\/types\/page"}],"author":[{"embeddable":true,"href":"https:\/\/planetazur.com\/es\/wp-json\/wp\/v2\/users\/8"}],"replies":[{"embeddable":true,"href":"https:\/\/planetazur.com\/es\/wp-json\/wp\/v2\/comments?post=2820"}],"version-history":[{"count":58,"href":"https:\/\/planetazur.com\/es\/wp-json\/wp\/v2\/pages\/2820\/revisions"}],"predecessor-version":[{"id":18360,"href":"https:\/\/planetazur.com\/es\/wp-json\/wp\/v2\/pages\/2820\/revisions\/18360"}],"wp:attachment":[{"href":"https:\/\/planetazur.com\/es\/wp-json\/wp\/v2\/media?parent=2820"}],"curies":[{"name":"gracias","href":"https:\/\/api.w.org\/{rel}","templated":true}]}}