{"id":3123,"date":"2021-05-26T09:51:22","date_gmt":"2021-05-26T09:51:22","guid":{"rendered":"https:\/\/azur.road-to-8-figures.com\/?page_id=3123"},"modified":"2026-02-07T09:15:50","modified_gmt":"2026-02-07T09:15:50","slug":"privacy-policy","status":"publish","type":"page","link":"https:\/\/planetazur.com\/es\/privacy-policy\/","title":{"rendered":"pol\u00edtica de privacidad"},"content":{"rendered":"<div data-elementor-type=\"wp-page\" data-elementor-id=\"3123\" class=\"elementor elementor-3123\" data-elementor-post-type=\"page\">\n\t\t\t\t\t\t<section class=\"elementor-section elementor-top-section elementor-element elementor-element-bd7babc elementor-section-boxed elementor-section-height-default elementor-section-height-default\" data-id=\"bd7babc\" data-element_type=\"section\" data-e-type=\"section\">\n\t\t\t\t\t\t<div class=\"elementor-container elementor-column-gap-default\">\n\t\t\t\t\t<div class=\"elementor-column elementor-col-100 elementor-top-column elementor-element elementor-element-ca6487f\" data-id=\"ca6487f\" data-element_type=\"column\" data-e-type=\"column\">\n\t\t\t<div class=\"elementor-widget-wrap elementor-element-populated\">\n\t\t\t\t\t\t<div class=\"elementor-element elementor-element-6291dcf elementor-widget elementor-widget-heading\" data-id=\"6291dcf\" data-element_type=\"widget\" data-e-type=\"widget\" data-widget_type=\"heading.default\">\n\t\t\t\t<div class=\"elementor-widget-container\">\n\t\t\t\t\t<h1 class=\"elementor-heading-title elementor-size-default\">pol\u00edtica de privacidad<\/h1>\t\t\t\t<\/div>\n\t\t\t\t<\/div>\n\t\t\t\t<div class=\"elementor-element elementor-element-506161a elementor-widget elementor-widget-text-editor\" data-id=\"506161a\" data-element_type=\"widget\" data-e-type=\"widget\" data-widget_type=\"text-editor.default\">\n\t\t\t\t<div class=\"elementor-widget-container\">\n\t\t\t\t\t\t\t\t\t<p><\/p>\n<h2 class=\"wp-block-heading\">Uso de los datos personales recopilados<\/h2>\n<p> <\/p>\n<h3 class=\"wp-block-heading\">Comentarios y consejos<\/h3>\n<p> <\/p>\n<p>Cuando deja un comentario en nuestro sitio web, se recopilan los datos ingresados en el formulario de comentarios, pero tambi\u00e9n su direcci\u00f3n IP y el agente de usuario de su navegador para ayudarnos a detectar comentarios no deseados.<\/p>\n<p> <\/p>\n<p>Se puede enviar una cadena an\u00f3nima creada a partir de tu direcci\u00f3n de correo electr\u00f3nico (tambi\u00e9n llamada hash) al servicio Gravatar para verificar si la est\u00e1s usando. La pol\u00edtica de privacidad del servicio Gravatar est\u00e1 disponible aqu\u00ed: https:\/\/automattic.com\/privacy\/. Despu\u00e9s de validar tu comentario, tu foto de perfil ser\u00e1 visible p\u00fablicamente junto a tu comentario.<\/p>\n<p> <\/p>\n<h3 class=\"wp-block-heading\">Medios de comunicaci\u00f3n&nbsp;<\/h3>\n<p> <\/p>\n<p>Si es un usuario registrado y sube im\u00e1genes al sitio web, le recomendamos que evite subir im\u00e1genes que contengan datos de coordenadas GPS EXIF. Los visitantes de su sitio web pueden descargar y extraer datos de ubicaci\u00f3n de estas im\u00e1genes.<\/p>\n<p> <\/p>\n<h3 class=\"wp-block-heading\">Galletas<\/h3>\n<p> <\/p>\n<p>Si deja un comentario en nuestro sitio, se le solicitar\u00e1 que guarde su nombre, direcci\u00f3n de correo electr\u00f3nico y sitio web en cookies. Esto es solo para su conveniencia para que no tenga que ingresar esta informaci\u00f3n si deja otro comentario m\u00e1s tarde. Estas cookies expiran despu\u00e9s de un a\u00f1o.<\/p>\n<p> <\/p>\n<p>Si tiene una cuenta e inicia sesi\u00f3n en este sitio, se crear\u00e1 una cookie temporal para determinar si su navegador acepta cookies. No contiene ning\u00fan dato personal y se eliminar\u00e1 autom\u00e1ticamente cuando cierre su navegador.<\/p>\n<p> <\/p>\n<p>Cuando inicie sesi\u00f3n, instalaremos una serie de cookies para almacenar su informaci\u00f3n de inicio de sesi\u00f3n y sus preferencias de pantalla. La vida \u00fatil de una cookie de inicio de sesi\u00f3n es de dos d\u00edas, la de una cookie de opci\u00f3n de pantalla es de un a\u00f1o. Si marca \u201cRecordarme\u201d, su cookie de inicio de sesi\u00f3n se almacenar\u00e1 durante dos semanas. Si cierra sesi\u00f3n en su cuenta, la cookie de inicio de sesi\u00f3n se eliminar\u00e1.<\/p>\n<p> <\/p>\n<p>Al modificar o publicar una publicaci\u00f3n, se almacenar\u00e1 una cookie adicional en su navegador. Esta cookie no incluye ning\u00fan dato personal. Simplemente indica el ID de la publicaci\u00f3n que acaba de modificar. Caduca al cabo de un d\u00eda.<\/p>\n<p> <\/p>\n<h3 class=\"wp-block-heading\">Contenido incrustado de otros sitios<\/h3>\n<p> <\/p>\n<p>Los art\u00edculos de este sitio pueden incluir contenido incrustado (por ejemplo, v\u00eddeos, im\u00e1genes, art\u00edculos, etc.). El contenido integrado desde otros sitios se comporta de la misma manera que si el visitante visitara ese otro sitio.<\/p>\n<p> <\/p>\n<p>Estos sitios web pueden recopilar datos sobre usted, utilizar cookies, incrustar herramientas de seguimiento de terceros, rastrear sus interacciones con estos contenidos incrustados si tiene una cuenta iniciada en su sitio web.<\/p>\n<p> <\/p>\n<h3 class=\"wp-block-heading\">\u00bfDurante cu\u00e1nto tiempo se almacenan sus datos?<\/h3>\n<p> <\/p>\n<p>Si dejas un comentario, el comentario y sus metadatos se conservan indefinidamente. Esto te permite reconocer y aprobar autom\u00e1ticamente los comentarios siguientes en lugar de dejarlos en la cola de moderaci\u00f3n.<\/p>\n<p> <\/p>\n<p>En el caso de los usuarios que se registran en nuestro sitio (si es posible), tambi\u00e9n almacenamos los datos personales que se indican en su perfil. Todos los usuarios pueden ver, modificar o eliminar su informaci\u00f3n personal en cualquier momento (con excepci\u00f3n de su nombre de usuario-ice). Los administradores del sitio tambi\u00e9n pueden ver y modificar esta informaci\u00f3n.<\/p>\n<p> <\/p>\n<h2 class=\"wp-block-heading\">Los derechos que tienes sobre tus datos<\/h2>\n<p> <\/p>\n<p>Si tiene una cuenta o ha dejado comentarios en el sitio, puede solicitar recibir un archivo con todos los datos personales que tenemos sobre usted, incluidos los datos que nos haya proporcionado. Tambi\u00e9n puede solicitar la eliminaci\u00f3n de sus datos personales. Esto no tiene en cuenta los datos almacenados con fines administrativos, legales o de seguridad.<\/p>\n<p> <\/p>\n<h2 class=\"wp-block-heading\">Transmisi\u00f3n de sus datos personales<\/h2>\n<p> <\/p>\n<p>Los comentarios de los visitantes pueden verificarse mediante un servicio automatizado para detectar comentarios no deseados.<\/p>\n<p> <\/p>\n<h2 class=\"wp-block-heading\">Informaci\u00f3n del contacto<\/h2>\n<p> <\/p>\n<p>Correo electr\u00f3nico: planetazurexperiences@gmail.com<\/p>\n<p> <\/p>\n<p>Tel\u00e9fono +33 7 83 58 58 74 29<\/p>\n<p> <\/p>\n<p>Direcci\u00f3n: 90 Rue Rostand 13006 Marsella<\/p>\n<p> <\/p>\n<h2 class=\"wp-block-heading\">M\u00e1s informaci\u00f3n<\/h2>\n<p> <\/p>\n<h3 class=\"wp-block-heading\">C\u00f3mo protegemos sus datos<\/h3>\n<p> <\/p>\n<p>No se recopila ning\u00fan dato personal sin su conocimiento.<\/p>\n<p> <\/p>\n<p>No se facilita informaci\u00f3n personal a terceros.<\/p>\n<p> <\/p>\n<h3 class=\"wp-block-heading\">Condiciones generales de venta&nbsp;<\/h3>\n<p> <\/p>\n<p>Certificaci\u00f3n de conformidad de nuestros socios:<\/p>\n<p> <\/p>\n<h4 class=\"wp-block-heading\">Art\u00edculo 1: Seguro&nbsp;<\/h4>\n<p> <\/p>\n<p>El prestador del servicio deber\u00e1 entregar a Planetazur un certificado de suscripci\u00f3n de un seguro de responsabilidad civil para \u00e9l mismo y para los clientes afectados por el\/los servicio(s). Este seguro deber\u00e1 cubrir un per\u00edodo equivalente al de duraci\u00f3n del presente contrato.<\/p>\n<p> <\/p>\n<p>El prestador del servicio es responsable de las personas que contrata para la prestaci\u00f3n del servicio. En caso de que la pr\u00e1ctica de un deporte o actividad requiera un certificado o diploma, el prestador del servicio se compromete a adjuntar al presente contrato copias de los certificados y diplomas para la supervisi\u00f3n de la actividad.<\/p>\n<p> <\/p>\n<h4 class=\"wp-block-heading\">Art\u00edculo 2: El compromiso de la agencia Planetazur, dice el representante<\/h4>\n<p> <\/p>\n<p>La agencia Planetazur, denominada Agente, vende por cuenta del prestador de servicios, denominado Mandante. Es responsable del correcto desarrollo de todas las actividades comercializadas y de la coordinaci\u00f3n de los prestadores de servicios implicados con el fin de garantizar la satisfacci\u00f3n del cliente en todos los servicios.<\/p>\n<p> <\/p>\n<p>La agencia Planetazur se compromete a estar disponible en todo momento para ayudar al cliente en la comercializaci\u00f3n de sus ofertas, y ayudarle a optimizar el uso de la plataforma RegionDo.<\/p>\n<p> <\/p>\n<h4 class=\"wp-block-heading\">Art\u00edculo 3: Cancelaci\u00f3n<\/h4>\n<p> <\/p>\n<p>En el caso de ventas online se aplican las condiciones de cancelaci\u00f3n del proveedor de servicios.<\/p>\n<p> <\/p>\n<p>Encontrar\u00e1s las condiciones de cancelaci\u00f3n directamente en tu carrito de compra antes de validar la venta.<\/p>\n<p> <\/p>\n<p>Si no es de forma general, aqu\u00ed est\u00e1 nuestra pol\u00edtica de cancelaci\u00f3n (excepto grupos)<\/p>\n<p> <\/p>\n<p>Cancelaci\u00f3n a \u2013 4 d\u00edas de la actividad \u2013 penalizaci\u00f3n 100%<\/p>\n<p> <\/p>\n<p>Cancelaci\u00f3n de 5 a 14 d\u00edas: penalizaci\u00f3n 50%<\/p>\n<p><span style=\"letter-spacing: 0.4px;\">Cancelaci\u00f3n de 15 a 30 d\u00edas: penalizaci\u00f3n de 25%<\/span><br><\/p>\n<p> <\/p>\n<p>Cancelaci\u00f3n con m\u00e1s de un mes de antelaci\u00f3n a la actividad: sin penalizaci\u00f3n, le reembolsaremos el dinero (despu\u00e9s de la deducci\u00f3n de 5% de la venta que corresponde a nuestras tarifas de reembolso y sistema de pago en l\u00ednea) a menos que haya solicitado los T\u00e9rminos de reembolso mejorados al realizar la reserva al finalizar la compra.<\/p>\n<p> <\/p>\n<p>Los vales de regalo no son reembolsables ni reembolsables.<\/p>\n<p><\/p>\t\t\t\t\t\t\t\t<\/div>\n\t\t\t\t<\/div>\n\t\t\t\t\t<\/div>\n\t\t<\/div>\n\t\t\t\t\t<\/div>\n\t\t<\/section>\n\t\t\t\t<\/div>","protected":false},"excerpt":{"rendered":"<p>Privacy Policy Use of the personal data collected Comments and advises When you leave a comment on our website, the data entered in the comment form, but also your IP address and your browser&#8217;s user agent are collected to help us detect unwanted comments. An anonymous string created from your email address (also called hash) [&hellip;]<\/p>\n","protected":false},"author":8,"featured_media":0,"parent":0,"menu_order":0,"comment_status":"closed","ping_status":"closed","template":"","meta":{"_embed_bokun_bokun_id":0,"footnotes":""},"class_list":["post-3123","page","type-page","status-publish","hentry"],"_links":{"self":[{"href":"https:\/\/planetazur.com\/es\/wp-json\/wp\/v2\/pages\/3123","targetHints":{"allow":["GET"]}}],"collection":[{"href":"https:\/\/planetazur.com\/es\/wp-json\/wp\/v2\/pages"}],"about":[{"href":"https:\/\/planetazur.com\/es\/wp-json\/wp\/v2\/types\/page"}],"author":[{"embeddable":true,"href":"https:\/\/planetazur.com\/es\/wp-json\/wp\/v2\/users\/8"}],"replies":[{"embeddable":true,"href":"https:\/\/planetazur.com\/es\/wp-json\/wp\/v2\/comments?post=3123"}],"version-history":[{"count":33,"href":"https:\/\/planetazur.com\/es\/wp-json\/wp\/v2\/pages\/3123\/revisions"}],"predecessor-version":[{"id":21879,"href":"https:\/\/planetazur.com\/es\/wp-json\/wp\/v2\/pages\/3123\/revisions\/21879"}],"wp:attachment":[{"href":"https:\/\/planetazur.com\/es\/wp-json\/wp\/v2\/media?parent=3123"}],"curies":[{"name":"gracias","href":"https:\/\/api.w.org\/{rel}","templated":true}]}}