{"id":3144,"date":"2021-05-27T08:53:06","date_gmt":"2021-05-27T08:53:06","guid":{"rendered":"https:\/\/azur.road-to-8-figures.com\/?page_id=3144"},"modified":"2025-11-20T10:13:08","modified_gmt":"2025-11-20T10:13:08","slug":"cgv","status":"publish","type":"page","link":"https:\/\/planetazur.com\/es\/cgv\/","title":{"rendered":"T\u00e9rminos y condiciones"},"content":{"rendered":"<div data-elementor-type=\"wp-page\" data-elementor-id=\"3144\" class=\"elementor elementor-3144\" data-elementor-post-type=\"page\">\n\t\t\t\t\t\t<section class=\"elementor-section elementor-top-section elementor-element elementor-element-bd7babc elementor-section-boxed elementor-section-height-default elementor-section-height-default\" data-id=\"bd7babc\" data-element_type=\"section\" data-e-type=\"section\">\n\t\t\t\t\t\t<div class=\"elementor-container elementor-column-gap-default\">\n\t\t\t\t\t<div class=\"elementor-column elementor-col-100 elementor-top-column elementor-element elementor-element-ca6487f\" data-id=\"ca6487f\" data-element_type=\"column\" data-e-type=\"column\">\n\t\t\t<div class=\"elementor-widget-wrap elementor-element-populated\">\n\t\t\t\t\t\t<div class=\"elementor-element elementor-element-6291dcf elementor-widget elementor-widget-heading\" data-id=\"6291dcf\" data-element_type=\"widget\" data-e-type=\"widget\" data-widget_type=\"heading.default\">\n\t\t\t\t<div class=\"elementor-widget-container\">\n\t\t\t\t\t<h1 class=\"elementor-heading-title elementor-size-default\">Menciones legales<\/h1>\t\t\t\t<\/div>\n\t\t\t\t<\/div>\n\t\t\t\t<div class=\"elementor-element elementor-element-506161a elementor-widget elementor-widget-text-editor\" data-id=\"506161a\" data-element_type=\"widget\" data-e-type=\"widget\" data-widget_type=\"text-editor.default\">\n\t\t\t\t<div class=\"elementor-widget-container\">\n\t\t\t\t\t\t\t\t\t<p>Informaci\u00f3n del editor<\/p><p>Agencia de consultor\u00eda de turismo sostenible<\/p><p>Registrada en el RCS, n\u00famero 848 388 963 RCS Marsella<\/p><p>N\u00famero de sirena: 848388963<br \/>Direcci\u00f3n: 90 Rue Rostand 13006 Marsella<br \/>N\u00famero de tel\u00e9fono: +33 783 58 74 29<\/p><p>Gerente de publicaci\u00f3n: Freddy Imbert<\/p><p>Responsable de contenidos: Planetazur, SASU<\/p><p>www.planetazur.com<\/p><p>Alojamiento de sitios<\/p><p>OVH SAS 2 Rue Kellerman \u2013 BP 80157 59053 Roubaix Cedex 1<\/p><p>Dise\u00f1o de sitios web<\/p><p>Agence Simplement 2 Rue Henri Barbusse 13001 Marsella<\/p><p>Alojamiento de dominios OVH<\/p><p>Condiciones generales de uso del sitio y de los servicios ofrecidos<\/p><p>El uso del sitio web https:\/\/www.planetazur.com\/ implica la plena aceptaci\u00f3n de las condiciones generales de uso que se exponen a continuaci\u00f3n. Estas condiciones de uso podr\u00e1n modificarse o complementarse en cualquier momento, por lo que se recomienda a los usuarios del sitio web https:\/\/www.planetazur.com\/ que las consulten peri\u00f3dicamente.<\/p><p>Este sitio web suele estar accesible para los usuarios en todo momento. Sin embargo, https:\/\/www.planetazur.com podr\u00eda interrumpir su funcionamiento por mantenimiento t\u00e9cnico, en cuyo caso se esforzar\u00e1 por informar a los usuarios con antelaci\u00f3n sobre las fechas y horas de la intervenci\u00f3n.<\/p><p>El sitio web https:\/\/www.planetazur.com se actualiza peri\u00f3dicamente por el webmaster. Asimismo, los avisos legales pueden modificarse en cualquier momento; no obstante, son vinculantes para el usuario, quien se le invita a consultarlos con la mayor frecuencia posible para revisarlos.<\/p><p>Alcance del contenido<\/p><p>A pesar del cuidado puesto en la recopilaci\u00f3n de informaci\u00f3n y en la realizaci\u00f3n del sitio utilizando las \u00faltimas t\u00e9cnicas, pueden permanecer o incluirse en el sitio https:\/\/www.planetazur.com errores, omisiones, inexactitudes, cortes o adiciones fuera de nuestro control. Por este motivo, https:\/\/www.planetazur.com no puede ser considerado responsable, ni expresa ni impl\u00edcitamente, de la totalidad del contenido del sitio; el usuario del sitio y de la informaci\u00f3n que contiene reconoce que lo utiliza bajo su propio riesgo y que, por tanto, https:\/\/www.planetazur.com no puede ser considerado responsable de ning\u00fan perjuicio directo o indirecto, de cualquier naturaleza, que resulte total o parcialmente del uso de la informaci\u00f3n del sitio.<br \/>Del mismo modo, IRIS Interactive no se responsabiliza de la naturaleza ni del contenido de los sitios web referenciados en las p\u00e1ginas siguientes, en particular de aquellos cuyo acceso se permite mediante los enlaces de hipertexto que aparecen en las p\u00e1ginas de este sitio. De conformidad con la Ley n.\u00ba 78-17 del 6 de enero de 1978, usted tiene derecho a acceder y rectificar cualquier dato que le concierna.<\/p><p>Copyright \u00a9 \u2013 Enlaces<\/p><p>Reproducci\u00f3n en papel<\/p><p>Con excepci\u00f3n de la iconograf\u00eda, se autoriza la reproducci\u00f3n en papel de las p\u00e1ginas de este sitio, siempre que se cumplan las condiciones siguientes:<\/p><ul class=\"ul1\"><li class=\"li3\"><p>Distribuci\u00f3n gratuita,<br \/>Respeto a la integridad de los documentos reproducidos (sin modificaciones ni alteraciones de ning\u00fan tipo)<br \/>Cita expl\u00edcita del sitio web https:\/\/www.planetazur.com como fuente y menci\u00f3n de que los derechos de reproducci\u00f3n est\u00e1n reservados y estrictamente limitados.<\/p><p>Reproducci\u00f3n en medios electr\u00f3nicos<\/p><p>Se autoriza la reproducci\u00f3n total o parcial de este sitio en soporte electr\u00f3nico siempre que se a\u00f1ada de forma clara y legible la fuente (https:\/\/www.planetazur.com) y la menci\u00f3n \u201cTodos los derechos reservados\u201d.<\/p><p>La informaci\u00f3n s\u00f3lo podr\u00e1 ser utilizada con fines personales, asociativos o profesionales, quedando excluido cualquier uso con fines comerciales o publicitarios.<\/p><p>Galletas<\/p><p>La navegaci\u00f3n por el sitio web https:\/\/www.planetazur.com puede provocar la instalaci\u00f3n de cookies en el ordenador del usuario. Una cookie es un peque\u00f1o archivo que no permite identificar al usuario, pero que registra informaci\u00f3n sobre la navegaci\u00f3n del ordenador en un sitio web. Los datos as\u00ed obtenidos sirven para facilitar la navegaci\u00f3n posterior del sitio y tambi\u00e9n para medir el n\u00famero de visitantes.<\/p><p>Rechazar la instalaci\u00f3n de una cookie puede impedir el acceso a ciertos servicios. Sin embargo, el usuario puede configurar su ordenador de la siguiente manera para rechazar la instalaci\u00f3n de cookies:<br \/>Ejemplo: En Internet Explorer: pesta\u00f1a de herramientas \/ opciones de Internet<\/p><p>Haz clic en Confidencialidad y selecciona &quot;Bloquear todas las cookies&quot;. Confirma con &quot;Aceptar&quot;.<\/p><p>En Chrome: pesta\u00f1a Configuraci\u00f3n \/ Mostrar configuraci\u00f3n avanzada \/ Para habilitar las cookies, seleccione Permitir almacenamiento de datos locales (recomendado).<\/p><p>Para habilitar las cookies, seleccione Permitir almacenamiento de datos locales (recomendado).<br \/>Para desactivar las cookies, seleccione Prohibir que todos los sitios almacenen datos.<\/p><p>Haga clic en Aceptar para guardar.<\/p><p>Ley aplicable y jurisdicci\u00f3n<br \/>Cualquier litigio relacionado con el uso del sitio web https:\/\/www.planetazur.com estar\u00e1 sujeto a la legislaci\u00f3n francesa.<\/p><p>En caso de litigio, los tribunales franceses tendr\u00e1n jurisdicci\u00f3n exclusiva.<\/p><p>Protecci\u00f3n de datos personales<\/p><p>No se recopila ning\u00fan dato personal sin su conocimiento.<br \/>Ning\u00fan dato personal se transmite a terceros.<\/p><p>Condiciones generales de venta<\/p><p>Certificaci\u00f3n de conformidad por parte de nuestros socios:<br \/>Art\u00edculo 1: Seguro<br \/>El proveedor del servicio deber\u00e1 proporcionar a Planetazur un comprobante de cobertura de seguro de responsabilidad civil para \u00e9l y los clientes afectados por el\/los servicio(s). Este seguro deber\u00e1 cubrir una duraci\u00f3n equivalente a la del presente contrato.<br \/>El proveedor de servicios es responsable de las personas que contrata para la prestaci\u00f3n de los servicios. Si la pr\u00e1ctica de un deporte o actividad requiere un certificado o diploma, el proveedor de servicios se compromete a adjuntar a este contrato copias de los certificados y diplomas necesarios para supervisar la actividad.<\/p><p>LOS COMPROMISOS DE LA AGENCIA PLANETAZUR, CONOCIDOS COMO EL MANDATO<\/p><\/li><\/ul><p class=\"p10\">\u00a0<\/p><p>La agencia Planetazur, conocida como el Agente, comercializa en nombre del proveedor de servicios, conocido como el Principal. Es responsable del correcto funcionamiento de todas las actividades comercializadas y de coordinar a los proveedores de servicios involucrados para garantizar la satisfacci\u00f3n del cliente con todos los servicios prestados.<\/p><p>La agencia Planetazur se compromete a estar disponible en todo momento para asistir al mandante en la comercializaci\u00f3n de sus ofertas, as\u00ed como para ayudarle a optimizar el uso de la plataforma BOKUN\/Regi\u00f3n seg\u00fan corresponda.<\/p><p>Art\u00edculo 3: Cancelaci\u00f3n<br \/>\u2013 Para las ventas online se aplican las condiciones de cancelaci\u00f3n del proveedor de servicios.<br \/>Encontrar\u00e1s las condiciones de cancelaci\u00f3n directamente en tu cesta antes de validar la venta.<br \/>De lo contrario, como regla general, aqu\u00ed est\u00e1 nuestra pol\u00edtica de cancelaci\u00f3n (excluyendo grupos)<br \/>Cancelaci\u00f3n con menos de 4 d\u00edas de antelaci\u00f3n a la actividad \u2013 penalizaci\u00f3n 100%<br \/>Cancelaci\u00f3n entre 5 y 7 d\u00edas: penalizaci\u00f3n 50%<br \/>Cancelaci\u00f3n con m\u00e1s de una semana de antelaci\u00f3n a la actividad: sin penalizaci\u00f3n, te reembolsaremos (menos 5% de la venta correspondiente a nuestros costes de reembolso).<br \/>\u2013 Los vales de regalo no son cancelables ni reembolsables.<\/p>\t\t\t\t\t\t\t\t<\/div>\n\t\t\t\t<\/div>\n\t\t\t\t\t<\/div>\n\t\t<\/div>\n\t\t\t\t\t<\/div>\n\t\t<\/section>\n\t\t\t\t<\/div>","protected":false},"excerpt":{"rendered":"<p>Mentions l\u00e9gales Publisher information Sustainable tourism consultancy agency Registered with the RCS, Number 848 388 963 R.C.S. Marseille SIREN number: 848388963Address: 90 Rue Rostand 13006 MarseillePhone number: +33 783 58 74 29 Publication manager: Freddy Imbert Responsible for content: Planetazur, SASU www.planetazur.com Site hosting OVH SAS 2 Rue Kellerman &#8211; BP 80157 59053 Roubaix Cedex [&hellip;]<\/p>\n","protected":false},"author":8,"featured_media":0,"parent":0,"menu_order":0,"comment_status":"closed","ping_status":"closed","template":"","meta":{"_embed_bokun_bokun_id":0,"footnotes":""},"class_list":["post-3144","page","type-page","status-publish","hentry"],"_links":{"self":[{"href":"https:\/\/planetazur.com\/es\/wp-json\/wp\/v2\/pages\/3144","targetHints":{"allow":["GET"]}}],"collection":[{"href":"https:\/\/planetazur.com\/es\/wp-json\/wp\/v2\/pages"}],"about":[{"href":"https:\/\/planetazur.com\/es\/wp-json\/wp\/v2\/types\/page"}],"author":[{"embeddable":true,"href":"https:\/\/planetazur.com\/es\/wp-json\/wp\/v2\/users\/8"}],"replies":[{"embeddable":true,"href":"https:\/\/planetazur.com\/es\/wp-json\/wp\/v2\/comments?post=3144"}],"version-history":[{"count":16,"href":"https:\/\/planetazur.com\/es\/wp-json\/wp\/v2\/pages\/3144\/revisions"}],"predecessor-version":[{"id":21765,"href":"https:\/\/planetazur.com\/es\/wp-json\/wp\/v2\/pages\/3144\/revisions\/21765"}],"wp:attachment":[{"href":"https:\/\/planetazur.com\/es\/wp-json\/wp\/v2\/media?parent=3144"}],"curies":[{"name":"gracias","href":"https:\/\/api.w.org\/{rel}","templated":true}]}}