{"id":9577,"date":"2023-02-13T14:40:41","date_gmt":"2023-02-13T14:40:41","guid":{"rendered":"https:\/\/planetazur.com\/?page_id=9577"},"modified":"2025-01-31T17:23:09","modified_gmt":"2025-01-31T17:23:09","slug":"travel-documents-2","status":"publish","type":"page","link":"https:\/\/planetazur.com\/es\/travel-documents-2\/","title":{"rendered":"Documentos de viaje"},"content":{"rendered":"<div data-elementor-type=\"wp-page\" data-elementor-id=\"9577\" class=\"elementor elementor-9577\" data-elementor-post-type=\"page\">\n\t\t\t\t\t\t<section class=\"elementor-section elementor-top-section elementor-element elementor-element-53e95394 elementor-section-stretched elementor-section-boxed elementor-section-height-default elementor-section-height-default\" data-id=\"53e95394\" data-element_type=\"section\" data-e-type=\"section\" data-settings=\"{&quot;stretch_section&quot;:&quot;section-stretched&quot;,&quot;background_background&quot;:&quot;classic&quot;}\">\n\t\t\t\t\t\t\t<div class=\"elementor-background-overlay\"><\/div>\n\t\t\t\t\t\t\t<div class=\"elementor-container elementor-column-gap-default\">\n\t\t\t\t\t<div class=\"elementor-column elementor-col-100 elementor-top-column elementor-element elementor-element-7f806b80\" data-id=\"7f806b80\" data-element_type=\"column\" data-e-type=\"column\">\n\t\t\t<div class=\"elementor-widget-wrap elementor-element-populated\">\n\t\t\t\t\t\t<div class=\"elementor-element elementor-element-20de03cd elementor-widget elementor-widget-heading\" data-id=\"20de03cd\" data-element_type=\"widget\" data-e-type=\"widget\" data-widget_type=\"heading.default\">\n\t\t\t\t<div class=\"elementor-widget-container\">\n\t\t\t\t\t<h1 class=\"elementor-heading-title elementor-size-xxl\">Documentos de viaje\n<\/h1>\t\t\t\t<\/div>\n\t\t\t\t<\/div>\n\t\t\t\t\t<\/div>\n\t\t<\/div>\n\t\t\t\t\t<\/div>\n\t\t<\/section>\n\t\t\t\t<section class=\"elementor-section elementor-top-section elementor-element elementor-element-1b8fb258 elementor-section-boxed elementor-section-height-default elementor-section-height-default\" data-id=\"1b8fb258\" data-element_type=\"section\" data-e-type=\"section\" data-settings=\"{&quot;background_background&quot;:&quot;classic&quot;}\">\n\t\t\t\t\t\t<div class=\"elementor-container elementor-column-gap-default\">\n\t\t\t\t\t<div class=\"elementor-column elementor-col-100 elementor-top-column elementor-element elementor-element-49c37e7d\" data-id=\"49c37e7d\" data-element_type=\"column\" data-e-type=\"column\">\n\t\t\t<div class=\"elementor-widget-wrap elementor-element-populated\">\n\t\t\t\t\t\t<div class=\"elementor-element elementor-element-7d218196 elementor-widget elementor-widget-heading\" data-id=\"7d218196\" data-element_type=\"widget\" data-e-type=\"widget\" data-widget_type=\"heading.default\">\n\t\t\t\t<div class=\"elementor-widget-container\">\n\t\t\t\t\t<h2 class=\"elementor-heading-title elementor-size-default\">Documentos de viaje y c\u00f3mo obtener visados<\/h2>\t\t\t\t<\/div>\n\t\t\t\t<\/div>\n\t\t\t\t<div class=\"elementor-element elementor-element-24e84af8 elementor-widget elementor-widget-text-editor\" data-id=\"24e84af8\" data-element_type=\"widget\" data-e-type=\"widget\" data-widget_type=\"text-editor.default\">\n\t\t\t\t<div class=\"elementor-widget-container\">\n\t\t\t\t\t\t\t\t\t<p>Los documentos de viaje son muy importantes cuando viajas al extranjero, por lo que debes tener cuidado. Son los documentos de identificaci\u00f3n m\u00e1s importantes que necesitar\u00e1s durante tu viaje. Para entrar y salir del pa\u00eds que visitas, es imprescindible tener la documentaci\u00f3n en regla, un pasaporte y, seg\u00fan el lugar al que vayas, un visado. Por tanto, los documentos de viaje imprescindibles son:<\/p><ol><li>Pasaporte (es requerido para viajar al exterior y se presenta en la frontera si el pa\u00eds visitante no tiene disposiciones que permitan a los ciudadanos entrantes utilizar otros documentos de identidad).<\/li><li>Documento de identidad o carnet de conducir<\/li><li>Mapa de salud y mapa de vacunas (ver pa\u00edses que a\u00fan requieren la vacuna contra el COVID-19)<\/li><li>Seguro de viaje\u00a0<\/li><\/ol><p>(Las personas que viven en pa\u00edses Schengen pueden moverse libremente sin controles fronterizos).<\/p><p>Para consultar tus documentos de viaje y obtener una visa, puedes confiar en esta plataforma:<\/p>\t\t\t\t\t\t\t\t<\/div>\n\t\t\t\t<\/div>\n\t\t\t\t<div class=\"elementor-element elementor-element-4dea2c6 elementor-widget elementor-widget-shortcode\" data-id=\"4dea2c6\" data-element_type=\"widget\" data-e-type=\"widget\" data-widget_type=\"shortcode.default\">\n\t\t\t\t<div class=\"elementor-widget-container\">\n\t\t\t\t\t\t\t<div class=\"elementor-shortcode\"><iframe style=\"border: none!important; padding:0!important; overflow:hidden; width: 728px; height:380px;\" src=\"https:\/\/www.ivisa.com\/widgets\/visa-checker?utm_source=planetazur&background_color=bg-secondary&widget_width=728&widget_height=90\" allowtransparency=\"true\"><\/iframe><\/div>\n\t\t\t\t\t\t<\/div>\n\t\t\t\t<\/div>\n\t\t\t\t<div class=\"elementor-element elementor-element-4c8d836 elementor-widget elementor-widget-heading\" data-id=\"4c8d836\" data-element_type=\"widget\" data-e-type=\"widget\" data-widget_type=\"heading.default\">\n\t\t\t\t<div class=\"elementor-widget-container\">\n\t\t\t\t\t<h2 class=\"elementor-heading-title elementor-size-default\">Lo que debes saber sobre la visa:<\/h2>\t\t\t\t<\/div>\n\t\t\t\t<\/div>\n\t\t\t\t<div class=\"elementor-element elementor-element-6350155 elementor-widget elementor-widget-text-editor\" data-id=\"6350155\" data-element_type=\"widget\" data-e-type=\"widget\" data-widget_type=\"text-editor.default\">\n\t\t\t\t<div class=\"elementor-widget-container\">\n\t\t\t\t\t\t\t\t\t<ol><li>Una visa es una etiqueta o sello adherido al pasaporte y requerido en embajadas, consulados o al ingresar al pa\u00eds de destino, que permite a su titular ingresar legalmente a un estado extranjero.\u00a0<\/li><li>El tiempo que lleva conseguirlo puede ser bastante largo, por lo que es bueno adelantarse y conocer todos los detalles del documento que necesitas.<\/li><li>La visa es v\u00e1lida por un per\u00edodo determinado y para fines espec\u00edficos.<\/li><li>Existen 3 tipos de visas: de tr\u00e1nsito aeroportuario, de estad\u00eda corta con una o m\u00e1s entradas de hasta 90 d\u00edas y de estad\u00eda larga con una o m\u00e1s entradas de m\u00e1s de 90 d\u00edas.<\/li><li>Cada pa\u00eds tiene una normativa diferente que define el tipo de visa de entrada, por eso se emiten autorizaciones para categor\u00edas espec\u00edficas de viajeros: visa de turista, visa de trabajo, visa de periodista, visa de estudios, visa de misi\u00f3n, visa de invitaci\u00f3n, visa de competici\u00f3n deportiva.<\/li><li>\u00a0<\/li><\/ol>\t\t\t\t\t\t\t\t<\/div>\n\t\t\t\t<\/div>\n\t\t\t\t\t<\/div>\n\t\t<\/div>\n\t\t\t\t\t<\/div>\n\t\t<\/section>\n\t\t\t\t<\/div>","protected":false},"excerpt":{"rendered":"<p>Travel documents Travel documents and how to obtain visas Travel documents are very important when traveling abroad, so you have to be careful. They are the most crucial identification documents that you will need during your trip. To enter and leave the country you are visiting, it is essential to have the correct papers, a [&hellip;]<\/p>\n","protected":false},"author":8,"featured_media":0,"parent":0,"menu_order":0,"comment_status":"closed","ping_status":"closed","template":"","meta":{"_embed_bokun_bokun_id":0,"footnotes":""},"class_list":["post-9577","page","type-page","status-publish","hentry"],"_links":{"self":[{"href":"https:\/\/planetazur.com\/es\/wp-json\/wp\/v2\/pages\/9577","targetHints":{"allow":["GET"]}}],"collection":[{"href":"https:\/\/planetazur.com\/es\/wp-json\/wp\/v2\/pages"}],"about":[{"href":"https:\/\/planetazur.com\/es\/wp-json\/wp\/v2\/types\/page"}],"author":[{"embeddable":true,"href":"https:\/\/planetazur.com\/es\/wp-json\/wp\/v2\/users\/8"}],"replies":[{"embeddable":true,"href":"https:\/\/planetazur.com\/es\/wp-json\/wp\/v2\/comments?post=9577"}],"version-history":[{"count":45,"href":"https:\/\/planetazur.com\/es\/wp-json\/wp\/v2\/pages\/9577\/revisions"}],"predecessor-version":[{"id":18416,"href":"https:\/\/planetazur.com\/es\/wp-json\/wp\/v2\/pages\/9577\/revisions\/18416"}],"wp:attachment":[{"href":"https:\/\/planetazur.com\/es\/wp-json\/wp\/v2\/media?parent=9577"}],"curies":[{"name":"gracias","href":"https:\/\/api.w.org\/{rel}","templated":true}]}}