{"id":2820,"date":"2021-05-17T13:41:10","date_gmt":"2021-05-17T13:41:10","guid":{"rendered":"https:\/\/azur.road-to-8-figures.com\/?page_id=2820"},"modified":"2025-01-31T13:27:08","modified_gmt":"2025-01-31T13:27:08","slug":"les-meilleurs-hotels-a-marseille","status":"publish","type":"page","link":"https:\/\/planetazur.com\/fr\/les-meilleurs-hotels-a-marseille\/","title":{"rendered":"H\u00f4tels"},"content":{"rendered":"<div data-elementor-type=\"wp-page\" data-elementor-id=\"2820\" class=\"elementor elementor-2820\" data-elementor-post-type=\"page\">\n\t\t\t\t\t\t<section class=\"elementor-section elementor-top-section elementor-element elementor-element-53e95394 elementor-section-stretched elementor-section-boxed elementor-section-height-default elementor-section-height-default\" data-id=\"53e95394\" data-element_type=\"section\" data-e-type=\"section\" data-settings=\"{&quot;stretch_section&quot;:&quot;section-stretched&quot;,&quot;background_background&quot;:&quot;classic&quot;}\">\n\t\t\t\t\t\t\t<div class=\"elementor-background-overlay\"><\/div>\n\t\t\t\t\t\t\t<div class=\"elementor-container elementor-column-gap-default\">\n\t\t\t\t\t<div class=\"elementor-column elementor-col-100 elementor-top-column elementor-element elementor-element-7f806b80\" data-id=\"7f806b80\" data-element_type=\"column\" data-e-type=\"column\">\n\t\t\t<div class=\"elementor-widget-wrap elementor-element-populated\">\n\t\t\t\t\t\t<div class=\"elementor-element elementor-element-20de03cd elementor-widget elementor-widget-heading\" data-id=\"20de03cd\" data-element_type=\"widget\" data-e-type=\"widget\" data-widget_type=\"heading.default\">\n\t\t\t\t<div class=\"elementor-widget-container\">\n\t\t\t\t\t<h1 class=\"elementor-heading-title elementor-size-xxl\">H\u00f4tels \u00e0 Marseille<\/h1>\t\t\t\t<\/div>\n\t\t\t\t<\/div>\n\t\t\t\t\t<\/div>\n\t\t<\/div>\n\t\t\t\t\t<\/div>\n\t\t<\/section>\n\t\t\t\t<section class=\"elementor-section elementor-top-section elementor-element elementor-element-bdd8499 elementor-section-boxed elementor-section-height-default elementor-section-height-default\" data-id=\"bdd8499\" data-element_type=\"section\" data-e-type=\"section\">\n\t\t\t\t\t\t<div class=\"elementor-container elementor-column-gap-default\">\n\t\t\t\t\t<div class=\"elementor-column elementor-col-100 elementor-top-column elementor-element elementor-element-401c8b0\" data-id=\"401c8b0\" data-element_type=\"column\" data-e-type=\"column\">\n\t\t\t<div class=\"elementor-widget-wrap elementor-element-populated\">\n\t\t\t\t\t\t<div class=\"elementor-element elementor-element-3ddab8b elementor-widget elementor-widget-text-editor\" data-id=\"3ddab8b\" data-element_type=\"widget\" data-e-type=\"widget\" data-widget_type=\"text-editor.default\">\n\t\t\t\t<div class=\"elementor-widget-container\">\n\t\t\t\t\t\t\t\t\t<p><strong>Plongez dans l&#039;essence captivante de Marseille, la perle m\u00e9diterran\u00e9enne de la France, o\u00f9 les saveurs de la cuisine locale, les vues pittoresques sur la mer et la riche culture impr\u00e8gnent chaque recoin.<\/strong>\u00a0Alors, o\u00f9 choisirez-vous de poser vos valises pour une exp\u00e9rience inoubliable ? Laissez-vous guider \u00e0 travers le kal\u00e9idoscope d&#039;options propos\u00e9es par les H\u00f4tels \u00e0 Marseille.<\/p><p><img fetchpriority=\"high\" decoding=\"async\" class=\"alignleft wp-image-13609\" src=\"https:\/\/planetazur.com\/wp-content\/uploads\/2024\/01\/elisa-schmidt-jGQaEA3YC0-unsplash-300x200.jpg\" alt=\"Hotels in Marseille\" width=\"290\" height=\"193\" srcset=\"https:\/\/planetazur.com\/wp-content\/uploads\/2024\/01\/elisa-schmidt-jGQaEA3YC0-unsplash-300x200.jpg 300w, https:\/\/planetazur.com\/wp-content\/uploads\/2024\/01\/elisa-schmidt-jGQaEA3YC0-unsplash-scaled-600x400.jpg 600w, https:\/\/planetazur.com\/wp-content\/uploads\/2024\/01\/elisa-schmidt-jGQaEA3YC0-unsplash-1024x683.jpg 1024w, https:\/\/planetazur.com\/wp-content\/uploads\/2024\/01\/elisa-schmidt-jGQaEA3YC0-unsplash-768x512.jpg 768w, https:\/\/planetazur.com\/wp-content\/uploads\/2024\/01\/elisa-schmidt-jGQaEA3YC0-unsplash-1536x1024.jpg 1536w, https:\/\/planetazur.com\/wp-content\/uploads\/2024\/01\/elisa-schmidt-jGQaEA3YC0-unsplash-2048x1365.jpg 2048w, https:\/\/planetazur.com\/wp-content\/uploads\/2024\/01\/elisa-schmidt-jGQaEA3YC0-unsplash-18x12.jpg 18w, https:\/\/planetazur.com\/wp-content\/uploads\/2024\/01\/elisa-schmidt-jGQaEA3YC0-unsplash-200x133.jpg 200w\" sizes=\"(max-width: 290px) 100vw, 290px\" \/><\/p><p>Imaginez-vous d\u00e9ambuler dans les ruelles sinueuses du Vieux-Port, go\u00fbter aux d\u00e9lices culinaires des march\u00e9s anim\u00e9s et vous laisser emporter par l\u2019\u00e9nergie de cette cit\u00e9 portuaire l\u00e9gendaire. Mais quelle sera votre adresse de pr\u00e9dilection pour rendre votre s\u00e9jour le plus m\u00e9morable possible ?<\/p><p>Les h\u00f4tels de Marseille proposent une gamme diversifi\u00e9e d\u2019\u00e9tablissements, allant des \u00e9tablissements r\u00e9put\u00e9s du littoral m\u00e9diterran\u00e9en aux adresses confidentielles nich\u00e9es au c\u0153ur de la cit\u00e9 phoc\u00e9enne. Chaque h\u00f4tel propose un univers unique, pens\u00e9 pour satisfaire tous les go\u00fbts et toutes les envies.<\/p><p><img decoding=\"async\" class=\"alignleft wp-image-13610 size-medium\" src=\"https:\/\/planetazur.com\/wp-content\/uploads\/2024\/01\/nik-lanus-YMOHw3F1Hdk-unsplash-300x200.jpg\" alt=\"hotel room\" width=\"300\" height=\"200\" srcset=\"https:\/\/planetazur.com\/wp-content\/uploads\/2024\/01\/nik-lanus-YMOHw3F1Hdk-unsplash-300x200.jpg 300w, https:\/\/planetazur.com\/wp-content\/uploads\/2024\/01\/nik-lanus-YMOHw3F1Hdk-unsplash-scaled-600x400.jpg 600w, https:\/\/planetazur.com\/wp-content\/uploads\/2024\/01\/nik-lanus-YMOHw3F1Hdk-unsplash-1024x683.jpg 1024w, https:\/\/planetazur.com\/wp-content\/uploads\/2024\/01\/nik-lanus-YMOHw3F1Hdk-unsplash-768x512.jpg 768w, https:\/\/planetazur.com\/wp-content\/uploads\/2024\/01\/nik-lanus-YMOHw3F1Hdk-unsplash-1536x1024.jpg 1536w, https:\/\/planetazur.com\/wp-content\/uploads\/2024\/01\/nik-lanus-YMOHw3F1Hdk-unsplash-2048x1365.jpg 2048w, https:\/\/planetazur.com\/wp-content\/uploads\/2024\/01\/nik-lanus-YMOHw3F1Hdk-unsplash-18x12.jpg 18w, https:\/\/planetazur.com\/wp-content\/uploads\/2024\/01\/nik-lanus-YMOHw3F1Hdk-unsplash-200x133.jpg 200w\" sizes=\"(max-width: 300px) 100vw, 300px\" \/><\/p><p>Votre qu\u00eate du havre de paix id\u00e9al commence ici, l\u00e0 o\u00f9 le charme de Marseille se m\u00eale harmonieusement au confort et \u00e0 l&#039;\u00e9l\u00e9gance. Ne laissez pas la chance vous filer entre les doigts. R\u00e9servez d\u00e8s maintenant votre oasis personnelle dans cette ville anim\u00e9e, pour une exp\u00e9rience m\u00e9morable au c\u0153ur des h\u00f4tels de Marseille.<\/p><p>Les propri\u00e9t\u00e9s en bord de mer vous invitent \u00e0 vous r\u00e9veiller au son apaisant des vagues, avec des vues panoramiques qui captivent le regard. Imaginez-vous siroter votre caf\u00e9 du matin sur votre balcon priv\u00e9, respirer l&#039;air marin et profiter du lever du soleil sur la M\u00e9diterran\u00e9e.<\/p><p><img decoding=\"async\" class=\"alignleft wp-image-13612 size-medium\" src=\"https:\/\/planetazur.com\/wp-content\/uploads\/2024\/01\/manel-sean-Vgp624ORgAc-unsplash-200x300.jpg\" alt=\"Marseille hotel\" width=\"200\" height=\"300\" srcset=\"https:\/\/planetazur.com\/wp-content\/uploads\/2024\/01\/manel-sean-Vgp624ORgAc-unsplash-200x300.jpg 200w, https:\/\/planetazur.com\/wp-content\/uploads\/2024\/01\/manel-sean-Vgp624ORgAc-unsplash-scaled-600x900.jpg 600w, https:\/\/planetazur.com\/wp-content\/uploads\/2024\/01\/manel-sean-Vgp624ORgAc-unsplash-683x1024.jpg 683w, https:\/\/planetazur.com\/wp-content\/uploads\/2024\/01\/manel-sean-Vgp624ORgAc-unsplash-768x1152.jpg 768w, https:\/\/planetazur.com\/wp-content\/uploads\/2024\/01\/manel-sean-Vgp624ORgAc-unsplash-1024x1536.jpg 1024w, https:\/\/planetazur.com\/wp-content\/uploads\/2024\/01\/manel-sean-Vgp624ORgAc-unsplash-1365x2048.jpg 1365w, https:\/\/planetazur.com\/wp-content\/uploads\/2024\/01\/manel-sean-Vgp624ORgAc-unsplash-8x12.jpg 8w, https:\/\/planetazur.com\/wp-content\/uploads\/2024\/01\/manel-sean-Vgp624ORgAc-unsplash-scaled.jpg 1707w\" sizes=\"(max-width: 200px) 100vw, 200px\" \/><\/p><p>Pour ceux qui pr\u00e9f\u00e8rent l&#039;effervescence du centre-ville, les h\u00f4tels nich\u00e9s au c\u0153ur de Marseille offrent un acc\u00e8s facile aux boutiques branch\u00e9es, aux sites historiques et \u00e0 la vie nocturne. D\u00e9couvrez les tr\u00e9sors cach\u00e9s de la ville gr\u00e2ce aux recommandations locales de notre personnel attentionn\u00e9, pr\u00eat \u00e0 rendre votre s\u00e9jour aussi authentique que possible.<\/p><p>Chaque h\u00f4tel raconte une histoire, une histoire de luxe, de confort et d&#039;hospitalit\u00e9. Des chambres \u00e9l\u00e9gamment d\u00e9cor\u00e9es aux installations modernes, chaque d\u00e9tail est soigneusement pens\u00e9 pour vous offrir une exp\u00e9rience exceptionnelle.<\/p><p><strong>Ne r\u00e9sistez pas \u00e0 l&#039;appel de Marseille. R\u00e9servez d\u00e8s maintenant et plongez dans une aventure sensorielle o\u00f9 chaque instant devient un souvenir inoubliable.<\/strong>\u00a0Votre havre de paix \u00e0 Marseille vous attend. R\u00e9servez d\u00e8s aujourd&#039;hui et cr\u00e9ez des souvenirs inoubliables au c\u0153ur des h\u00f4tels de Marseille.<\/p><p><img loading=\"lazy\" decoding=\"async\" class=\"aligncenter wp-image-13613\" src=\"https:\/\/planetazur.com\/wp-content\/uploads\/2024\/01\/markus-spiske-g5ZIXjzRGds-unsplash-300x200.jpg\" alt=\"Marseille Hotels Rooms\" width=\"539\" height=\"360\" srcset=\"https:\/\/planetazur.com\/wp-content\/uploads\/2024\/01\/markus-spiske-g5ZIXjzRGds-unsplash-300x200.jpg 300w, https:\/\/planetazur.com\/wp-content\/uploads\/2024\/01\/markus-spiske-g5ZIXjzRGds-unsplash-scaled-600x400.jpg 600w, https:\/\/planetazur.com\/wp-content\/uploads\/2024\/01\/markus-spiske-g5ZIXjzRGds-unsplash-1024x683.jpg 1024w, https:\/\/planetazur.com\/wp-content\/uploads\/2024\/01\/markus-spiske-g5ZIXjzRGds-unsplash-768x512.jpg 768w, https:\/\/planetazur.com\/wp-content\/uploads\/2024\/01\/markus-spiske-g5ZIXjzRGds-unsplash-1536x1024.jpg 1536w, https:\/\/planetazur.com\/wp-content\/uploads\/2024\/01\/markus-spiske-g5ZIXjzRGds-unsplash-2048x1365.jpg 2048w, https:\/\/planetazur.com\/wp-content\/uploads\/2024\/01\/markus-spiske-g5ZIXjzRGds-unsplash-18x12.jpg 18w, https:\/\/planetazur.com\/wp-content\/uploads\/2024\/01\/markus-spiske-g5ZIXjzRGds-unsplash-200x133.jpg 200w\" sizes=\"(max-width: 539px) 100vw, 539px\" \/><\/p>\t\t\t\t\t\t\t\t<\/div>\n\t\t\t\t<\/div>\n\t\t\t\t<div class=\"elementor-element elementor-element-624ee10 elementor-widget elementor-widget-shortcode\" data-id=\"624ee10\" data-element_type=\"widget\" data-e-type=\"widget\" data-widget_type=\"shortcode.default\">\n\t\t\t\t<div class=\"elementor-widget-container\">\n\t\t\t\t\t\t\t<div class=\"elementor-shortcode\"><script src=\"https:\/\/www.travelpayouts.com\/blissey\/scripts_fr.js?currency=eur&categories=center&id=15298&type=compact&marker=274610&trs=49872&powered_by=true&host=search.hotellook.com&locale=fr&limit=10&nobooking=\" charset=\"utf-8\"><\/script><\/div>\n\t\t\t\t\t\t<\/div>\n\t\t\t\t<\/div>\n\t\t\t\t\t<\/div>\n\t\t<\/div>\n\t\t\t\t\t<\/div>\n\t\t<\/section>\n\t\t\t\t<\/div>","protected":false},"excerpt":{"rendered":"<p>Hotels in Marseille Immerse yourself in the captivating essence of Marseille, France&#8217;s Mediterranean pearl, where the flavors of local cuisine, picturesque sea views and rich culture permeate every corner.\u00a0So, where will you choose to set down your bags for an unforgettable experience? Let us guide you through the kaleidoscope of options offered by Hotels in [&hellip;]<\/p>\n","protected":false},"author":8,"featured_media":0,"parent":0,"menu_order":0,"comment_status":"closed","ping_status":"closed","template":"","meta":{"_embed_bokun_bokun_id":0,"footnotes":""},"class_list":["post-2820","page","type-page","status-publish","hentry"],"_links":{"self":[{"href":"https:\/\/planetazur.com\/fr\/wp-json\/wp\/v2\/pages\/2820","targetHints":{"allow":["GET"]}}],"collection":[{"href":"https:\/\/planetazur.com\/fr\/wp-json\/wp\/v2\/pages"}],"about":[{"href":"https:\/\/planetazur.com\/fr\/wp-json\/wp\/v2\/types\/page"}],"author":[{"embeddable":true,"href":"https:\/\/planetazur.com\/fr\/wp-json\/wp\/v2\/users\/8"}],"replies":[{"embeddable":true,"href":"https:\/\/planetazur.com\/fr\/wp-json\/wp\/v2\/comments?post=2820"}],"version-history":[{"count":58,"href":"https:\/\/planetazur.com\/fr\/wp-json\/wp\/v2\/pages\/2820\/revisions"}],"predecessor-version":[{"id":18360,"href":"https:\/\/planetazur.com\/fr\/wp-json\/wp\/v2\/pages\/2820\/revisions\/18360"}],"wp:attachment":[{"href":"https:\/\/planetazur.com\/fr\/wp-json\/wp\/v2\/media?parent=2820"}],"curies":[{"name":"wp","href":"https:\/\/api.w.org\/{rel}","templated":true}]}}