{"id":5096,"date":"2022-10-10T12:43:58","date_gmt":"2022-10-10T12:43:58","guid":{"rendered":"https:\/\/planetazur.com\/?page_id=5096"},"modified":"2024-02-23T00:32:56","modified_gmt":"2024-02-23T00:32:56","slug":"asia","status":"publish","type":"page","link":"https:\/\/planetazur.com\/fr\/asia\/","title":{"rendered":"Asie"},"content":{"rendered":"<p>L&#039;Asie est un continent situ\u00e9 principalement dans l&#039;h\u00e9misph\u00e8re oriental. C&#039;est le continent le plus vaste et le plus peupl\u00e9 du monde, abritant des cultures diverses, une histoire riche et des paysages \u00e9poustouflants. Des villes anim\u00e9es de Tokyo et Shanghai aux anciens temples d&#039;Angkor Wat et aux plages sereines de Bali, l&#039;Asie offre un m\u00e9lange captivant de tradition et de modernit\u00e9.<\/p>","protected":false},"excerpt":{"rendered":"<p>Asia is a continent located primarily in the Eastern Hemisphere. It is the largest and most populous continent in the world, home to diverse cultures, rich history, and stunning landscapes. From the bustling cities of Tokyo and Shanghai to the ancient temples of Angkor Wat and the serene beaches of Bali, Asia offers a captivating [&hellip;]<\/p>\n","protected":false},"author":8,"featured_media":0,"parent":0,"menu_order":0,"comment_status":"closed","ping_status":"closed","template":"","meta":{"_embed_bokun_bokun_id":0,"footnotes":""},"class_list":["post-5096","page","type-page","status-publish","hentry"],"_links":{"self":[{"href":"https:\/\/planetazur.com\/fr\/wp-json\/wp\/v2\/pages\/5096","targetHints":{"allow":["GET"]}}],"collection":[{"href":"https:\/\/planetazur.com\/fr\/wp-json\/wp\/v2\/pages"}],"about":[{"href":"https:\/\/planetazur.com\/fr\/wp-json\/wp\/v2\/types\/page"}],"author":[{"embeddable":true,"href":"https:\/\/planetazur.com\/fr\/wp-json\/wp\/v2\/users\/8"}],"replies":[{"embeddable":true,"href":"https:\/\/planetazur.com\/fr\/wp-json\/wp\/v2\/comments?post=5096"}],"version-history":[{"count":5,"href":"https:\/\/planetazur.com\/fr\/wp-json\/wp\/v2\/pages\/5096\/revisions"}],"predecessor-version":[{"id":17296,"href":"https:\/\/planetazur.com\/fr\/wp-json\/wp\/v2\/pages\/5096\/revisions\/17296"}],"wp:attachment":[{"href":"https:\/\/planetazur.com\/fr\/wp-json\/wp\/v2\/media?parent=5096"}],"curies":[{"name":"wp","href":"https:\/\/api.w.org\/{rel}","templated":true}]}}