{"id":585,"date":"2021-04-07T11:00:22","date_gmt":"2021-04-07T11:00:22","guid":{"rendered":"https:\/\/azur.road-to-8-figures.com\/?page_id=585"},"modified":"2025-03-06T10:53:22","modified_gmt":"2025-03-06T10:53:22","slug":"our-destinations","status":"publish","type":"page","link":"https:\/\/planetazur.com\/fr\/our-destinations\/","title":{"rendered":"Nos Destinations"},"content":{"rendered":"<div data-elementor-type=\"wp-page\" data-elementor-id=\"585\" class=\"elementor elementor-585\" data-elementor-post-type=\"page\">\n\t\t\t\t\t\t<section class=\"elementor-section elementor-top-section elementor-element elementor-element-6d4e4676 elementor-section-boxed elementor-section-height-default elementor-section-height-default\" data-id=\"6d4e4676\" data-element_type=\"section\" data-e-type=\"section\">\n\t\t\t\t\t\t\t<div class=\"elementor-background-overlay\"><\/div>\n\t\t\t\t\t\t\t<div class=\"elementor-container elementor-column-gap-default\">\n\t\t\t\t\t<div class=\"elementor-column elementor-col-100 elementor-top-column elementor-element elementor-element-78e1b0df\" data-id=\"78e1b0df\" data-element_type=\"column\" data-e-type=\"column\">\n\t\t\t<div class=\"elementor-widget-wrap elementor-element-populated\">\n\t\t\t\t\t\t<section class=\"elementor-section elementor-inner-section elementor-element elementor-element-254ecd95 elementor-section-boxed elementor-section-height-default elementor-section-height-default\" data-id=\"254ecd95\" data-element_type=\"section\" data-e-type=\"section\">\n\t\t\t\t\t\t<div class=\"elementor-container elementor-column-gap-no\">\n\t\t\t\t\t<div class=\"elementor-column elementor-col-50 elementor-inner-column elementor-element elementor-element-16bb79bc\" data-id=\"16bb79bc\" data-element_type=\"column\" data-e-type=\"column\">\n\t\t\t<div class=\"elementor-widget-wrap elementor-element-populated\">\n\t\t\t\t\t\t<div class=\"elementor-element elementor-element-63d3065d elementor-widget elementor-widget-image\" data-id=\"63d3065d\" data-element_type=\"widget\" data-e-type=\"widget\" data-widget_type=\"image.default\">\n\t\t\t\t<div class=\"elementor-widget-container\">\n\t\t\t\t\t\t\t\t\t\t\t\t\t\t\t<img fetchpriority=\"high\" decoding=\"async\" width=\"2000\" height=\"1328\" src=\"https:\/\/planetazur.com\/wp-content\/uploads\/2021\/04\/young-woman-snorkeling.jpeg\" class=\"attachment-full size-full wp-image-325\" alt=\"PlanetAzur Exp\u00e9riences\" srcset=\"https:\/\/planetazur.com\/wp-content\/uploads\/2021\/04\/young-woman-snorkeling.jpeg 2000w, https:\/\/planetazur.com\/wp-content\/uploads\/2021\/04\/young-woman-snorkeling-600x398.jpeg 600w, https:\/\/planetazur.com\/wp-content\/uploads\/2021\/04\/young-woman-snorkeling-300x199.jpeg 300w, https:\/\/planetazur.com\/wp-content\/uploads\/2021\/04\/young-woman-snorkeling-1024x680.jpeg 1024w, https:\/\/planetazur.com\/wp-content\/uploads\/2021\/04\/young-woman-snorkeling-768x510.jpeg 768w, https:\/\/planetazur.com\/wp-content\/uploads\/2021\/04\/young-woman-snorkeling-1536x1020.jpeg 1536w\" sizes=\"(max-width: 2000px) 100vw, 2000px\" \/>\t\t\t\t\t\t\t\t\t\t\t\t\t\t\t<\/div>\n\t\t\t\t<\/div>\n\t\t\t\t\t<\/div>\n\t\t<\/div>\n\t\t\t\t<div class=\"elementor-column elementor-col-50 elementor-inner-column elementor-element elementor-element-74e359a0\" data-id=\"74e359a0\" data-element_type=\"column\" data-e-type=\"column\">\n\t\t\t<div class=\"elementor-widget-wrap elementor-element-populated\">\n\t\t\t\t\t\t<div class=\"elementor-element elementor-element-89ec1b9 elementor-widget elementor-widget-heading\" data-id=\"89ec1b9\" data-element_type=\"widget\" data-e-type=\"widget\" data-widget_type=\"heading.default\">\n\t\t\t\t<div class=\"elementor-widget-container\">\n\t\t\t\t\t<h1 class=\"elementor-heading-title elementor-size-default\">\nPlan\u00e9tazur<\/h1>\t\t\t\t<\/div>\n\t\t\t\t<\/div>\n\t\t\t\t<div class=\"elementor-element elementor-element-28b5b26 elementor-widget elementor-widget-text-editor\" data-id=\"28b5b26\" data-element_type=\"widget\" data-e-type=\"widget\" data-widget_type=\"text-editor.default\">\n\t\t\t\t<div class=\"elementor-widget-container\">\n\t\t\t\t\t\t\t\t\t<p class=\"translation-block\">Notre agence, experte en tourisme durable, est l\u00e0 pour vous faire d\u00e9couvrir les plus beaux endroits de France et du monde et vivre des exp\u00e9riences inoubliables.<\/p><p>Les voyages que nous s\u00e9lectionnons sont des destinations souvent m\u00e9connues des voyageurs, des endroits m\u00e9connus pour une exp\u00e9rience hors des sentiers battus !<\/p><p>Le tourisme durable et l\u2019\u00e9cotourisme sont au c\u0153ur de notre concept. Nous souhaitons vous faire vivre des exp\u00e9riences durables uniques qui profitent \u00e0 l\u2019environnement et \u00e0 la population locale.<\/p>\t\t\t\t\t\t\t\t<\/div>\n\t\t\t\t<\/div>\n\t\t\t\t\t<\/div>\n\t\t<\/div>\n\t\t\t\t\t<\/div>\n\t\t<\/section>\n\t\t\t\t\t<\/div>\n\t\t<\/div>\n\t\t\t\t\t<\/div>\n\t\t<\/section>\n\t\t\t\t<section class=\"elementor-section elementor-top-section elementor-element elementor-element-2f0682b elementor-section-full_width elementor-section-height-default elementor-section-height-default\" data-id=\"2f0682b\" data-element_type=\"section\" data-e-type=\"section\">\n\t\t\t\t\t\t<div class=\"elementor-container elementor-column-gap-default\">\n\t\t\t\t\t<div class=\"elementor-column elementor-col-25 elementor-top-column elementor-element elementor-element-96e2ce5\" data-id=\"96e2ce5\" data-element_type=\"column\" data-e-type=\"column\" data-settings=\"{&quot;background_background&quot;:&quot;classic&quot;}\">\n\t\t\t<div class=\"elementor-widget-wrap elementor-element-populated\">\n\t\t\t\t\t<div class=\"elementor-background-overlay\"><\/div>\n\t\t\t\t\t\t<div class=\"elementor-element elementor-element-ce6b94e elementor-widget elementor-widget-heading\" data-id=\"ce6b94e\" data-element_type=\"widget\" data-e-type=\"widget\" data-widget_type=\"heading.default\">\n\t\t\t\t<div class=\"elementor-widget-container\">\n\t\t\t\t\t<h3 class=\"elementor-heading-title elementor-size-default\">Marseille<\/h3>\t\t\t\t<\/div>\n\t\t\t\t<\/div>\n\t\t\t\t<div class=\"elementor-element elementor-element-8d10b7a elementor-widget elementor-widget-text-editor\" data-id=\"8d10b7a\" data-element_type=\"widget\" data-e-type=\"widget\" data-widget_type=\"text-editor.default\">\n\t\t\t\t<div class=\"elementor-widget-container\">\n\t\t\t\t\t\t\t\t\t<p>25 Activit\u00e9s disponibles<\/p>\t\t\t\t\t\t\t\t<\/div>\n\t\t\t\t<\/div>\n\t\t\t\t<div class=\"elementor-element elementor-element-d4ce272 elementor-tablet-align-center elementor-align-center elementor-widget elementor-widget-button\" data-id=\"d4ce272\" data-element_type=\"widget\" data-e-type=\"widget\" data-widget_type=\"button.default\">\n\t\t\t\t<div class=\"elementor-widget-container\">\n\t\t\t\t\t\t\t\t\t<div class=\"elementor-button-wrapper\">\n\t\t\t\t\t<a class=\"elementor-button elementor-button-link elementor-size-sm elementor-animation-grow\" href=\"https:\/\/planetazur.com\/fr\/destinations\/marseille\/\">\n\t\t\t\t\t\t<span class=\"elementor-button-content-wrapper\">\n\t\t\t\t\t\t<span class=\"elementor-button-icon\">\n\t\t\t\t<i aria-hidden=\"true\" class=\"fas fa-arrow-alt-circle-right\"><\/i>\t\t\t<\/span>\n\t\t\t\t\t\t\t\t\t<span class=\"elementor-button-text\">VOIR LES ACTIVIT\u00c9S<\/span>\n\t\t\t\t\t<\/span>\n\t\t\t\t\t<\/a>\n\t\t\t\t<\/div>\n\t\t\t\t\t\t\t\t<\/div>\n\t\t\t\t<\/div>\n\t\t\t\t\t<\/div>\n\t\t<\/div>\n\t\t\t\t<div class=\"elementor-column elementor-col-25 elementor-top-column elementor-element elementor-element-8ae0cba\" data-id=\"8ae0cba\" data-element_type=\"column\" data-e-type=\"column\" data-settings=\"{&quot;background_background&quot;:&quot;classic&quot;}\">\n\t\t\t<div class=\"elementor-widget-wrap elementor-element-populated\">\n\t\t\t\t\t<div class=\"elementor-background-overlay\"><\/div>\n\t\t\t\t\t\t<div class=\"elementor-element elementor-element-a52227f elementor-widget elementor-widget-heading\" data-id=\"a52227f\" data-element_type=\"widget\" data-e-type=\"widget\" data-widget_type=\"heading.default\">\n\t\t\t\t<div class=\"elementor-widget-container\">\n\t\t\t\t\t<h3 class=\"elementor-heading-title elementor-size-default\">Cassis<\/h3>\t\t\t\t<\/div>\n\t\t\t\t<\/div>\n\t\t\t\t<div class=\"elementor-element elementor-element-4fc80ac elementor-widget elementor-widget-text-editor\" data-id=\"4fc80ac\" data-element_type=\"widget\" data-e-type=\"widget\" data-widget_type=\"text-editor.default\">\n\t\t\t\t<div class=\"elementor-widget-container\">\n\t\t\t\t\t\t\t\t\t<p>6 activit\u00e9s disponibles<\/p>\t\t\t\t\t\t\t\t<\/div>\n\t\t\t\t<\/div>\n\t\t\t\t<div class=\"elementor-element elementor-element-fd8b982 elementor-tablet-align-center elementor-align-center elementor-widget elementor-widget-button\" data-id=\"fd8b982\" data-element_type=\"widget\" data-e-type=\"widget\" data-widget_type=\"button.default\">\n\t\t\t\t<div class=\"elementor-widget-container\">\n\t\t\t\t\t\t\t\t\t<div class=\"elementor-button-wrapper\">\n\t\t\t\t\t<a class=\"elementor-button elementor-button-link elementor-size-sm elementor-animation-grow\" href=\"https:\/\/planetazur.com\/fr\/destinations\/cassis\/\">\n\t\t\t\t\t\t<span class=\"elementor-button-content-wrapper\">\n\t\t\t\t\t\t<span class=\"elementor-button-icon\">\n\t\t\t\t<i aria-hidden=\"true\" class=\"fas fa-arrow-alt-circle-right\"><\/i>\t\t\t<\/span>\n\t\t\t\t\t\t\t\t\t<span class=\"elementor-button-text\">VOIR LES ACTIVIT\u00c9S<\/span>\n\t\t\t\t\t<\/span>\n\t\t\t\t\t<\/a>\n\t\t\t\t<\/div>\n\t\t\t\t\t\t\t\t<\/div>\n\t\t\t\t<\/div>\n\t\t\t\t\t<\/div>\n\t\t<\/div>\n\t\t\t\t<div class=\"elementor-column elementor-col-25 elementor-top-column elementor-element elementor-element-5182f5c\" data-id=\"5182f5c\" data-element_type=\"column\" data-e-type=\"column\" data-settings=\"{&quot;background_background&quot;:&quot;classic&quot;}\">\n\t\t\t<div class=\"elementor-widget-wrap elementor-element-populated\">\n\t\t\t\t\t<div class=\"elementor-background-overlay\"><\/div>\n\t\t\t\t\t\t<div class=\"elementor-element elementor-element-1fd9a56 elementor-widget elementor-widget-heading\" data-id=\"1fd9a56\" data-element_type=\"widget\" data-e-type=\"widget\" data-widget_type=\"heading.default\">\n\t\t\t\t<div class=\"elementor-widget-container\">\n\t\t\t\t\t<h3 class=\"elementor-heading-title elementor-size-default\">Aix-en-Provence\n<\/h3>\t\t\t\t<\/div>\n\t\t\t\t<\/div>\n\t\t\t\t<div class=\"elementor-element elementor-element-c42cc11 elementor-widget elementor-widget-text-editor\" data-id=\"c42cc11\" data-element_type=\"widget\" data-e-type=\"widget\" data-widget_type=\"text-editor.default\">\n\t\t\t\t<div class=\"elementor-widget-container\">\n\t\t\t\t\t\t\t\t\t<p>10 Activit\u00e9s disponibles<\/p>\t\t\t\t\t\t\t\t<\/div>\n\t\t\t\t<\/div>\n\t\t\t\t<div class=\"elementor-element elementor-element-0ea297a elementor-tablet-align-center elementor-align-center elementor-widget elementor-widget-button\" data-id=\"0ea297a\" data-element_type=\"widget\" data-e-type=\"widget\" data-widget_type=\"button.default\">\n\t\t\t\t<div class=\"elementor-widget-container\">\n\t\t\t\t\t\t\t\t\t<div class=\"elementor-button-wrapper\">\n\t\t\t\t\t<a class=\"elementor-button elementor-button-link elementor-size-sm elementor-animation-grow\" href=\"https:\/\/planetazur.com\/fr\/destinations\/aix-en-provence\/\">\n\t\t\t\t\t\t<span class=\"elementor-button-content-wrapper\">\n\t\t\t\t\t\t<span class=\"elementor-button-icon\">\n\t\t\t\t<i aria-hidden=\"true\" class=\"fas fa-arrow-alt-circle-right\"><\/i>\t\t\t<\/span>\n\t\t\t\t\t\t\t\t\t<span class=\"elementor-button-text\">VOIR LES ACTIVIT\u00c9S<\/span>\n\t\t\t\t\t<\/span>\n\t\t\t\t\t<\/a>\n\t\t\t\t<\/div>\n\t\t\t\t\t\t\t\t<\/div>\n\t\t\t\t<\/div>\n\t\t\t\t\t<\/div>\n\t\t<\/div>\n\t\t\t\t<div class=\"elementor-column elementor-col-25 elementor-top-column elementor-element elementor-element-550af73\" data-id=\"550af73\" data-element_type=\"column\" data-e-type=\"column\" data-settings=\"{&quot;background_background&quot;:&quot;classic&quot;}\">\n\t\t\t<div class=\"elementor-widget-wrap elementor-element-populated\">\n\t\t\t\t\t<div class=\"elementor-background-overlay\"><\/div>\n\t\t\t\t\t\t<div class=\"elementor-element elementor-element-71a6dc5 elementor-widget elementor-widget-heading\" data-id=\"71a6dc5\" data-element_type=\"widget\" data-e-type=\"widget\" data-widget_type=\"heading.default\">\n\t\t\t\t<div class=\"elementor-widget-container\">\n\t\t\t\t\t<h3 class=\"elementor-heading-title elementor-size-default\">Avignon<\/h3>\t\t\t\t<\/div>\n\t\t\t\t<\/div>\n\t\t\t\t<div class=\"elementor-element elementor-element-bfff3f3 elementor-widget elementor-widget-text-editor\" data-id=\"bfff3f3\" data-element_type=\"widget\" data-e-type=\"widget\" data-widget_type=\"text-editor.default\">\n\t\t\t\t<div class=\"elementor-widget-container\">\n\t\t\t\t\t\t\t\t\t<p>7 Activit\u00e9s disponibles<\/p>\t\t\t\t\t\t\t\t<\/div>\n\t\t\t\t<\/div>\n\t\t\t\t<div class=\"elementor-element elementor-element-b6a6acf elementor-tablet-align-center elementor-align-center elementor-widget elementor-widget-button\" data-id=\"b6a6acf\" data-element_type=\"widget\" data-e-type=\"widget\" data-widget_type=\"button.default\">\n\t\t\t\t<div class=\"elementor-widget-container\">\n\t\t\t\t\t\t\t\t\t<div class=\"elementor-button-wrapper\">\n\t\t\t\t\t<a class=\"elementor-button elementor-button-link elementor-size-sm elementor-animation-grow\" href=\"https:\/\/planetazur.com\/fr\/destinations\/avignon\/\">\n\t\t\t\t\t\t<span class=\"elementor-button-content-wrapper\">\n\t\t\t\t\t\t<span class=\"elementor-button-icon\">\n\t\t\t\t<i aria-hidden=\"true\" class=\"fas fa-arrow-alt-circle-right\"><\/i>\t\t\t<\/span>\n\t\t\t\t\t\t\t\t\t<span class=\"elementor-button-text\">VOIR LES ACTIVIT\u00c9S<\/span>\n\t\t\t\t\t<\/span>\n\t\t\t\t\t<\/a>\n\t\t\t\t<\/div>\n\t\t\t\t\t\t\t\t<\/div>\n\t\t\t\t<\/div>\n\t\t\t\t\t<\/div>\n\t\t<\/div>\n\t\t\t\t\t<\/div>\n\t\t<\/section>\n\t\t\t\t<section class=\"elementor-section elementor-top-section elementor-element elementor-element-2cfa3b6f elementor-section-boxed elementor-section-height-default elementor-section-height-default\" data-id=\"2cfa3b6f\" data-element_type=\"section\" data-e-type=\"section\" data-settings=\"{&quot;background_background&quot;:&quot;classic&quot;}\">\n\t\t\t\t\t\t<div class=\"elementor-container elementor-column-gap-default\">\n\t\t\t\t\t<div class=\"elementor-column elementor-col-25 elementor-top-column elementor-element elementor-element-5045ef3e\" data-id=\"5045ef3e\" data-element_type=\"column\" data-e-type=\"column\">\n\t\t\t<div class=\"elementor-widget-wrap elementor-element-populated\">\n\t\t\t\t\t\t<div class=\"elementor-element elementor-element-6a721331 elementor-widget elementor-widget-elementskit-funfact\" data-id=\"6a721331\" data-element_type=\"widget\" data-e-type=\"widget\" data-widget_type=\"elementskit-funfact.default\">\n\t\t\t\t<div class=\"elementor-widget-container\">\n\t\t\t\t\t<div class=\"ekit-wid-con\" >\n\t\t<div class=\"elementskit-funfact text-center\">\n\t\t\t\n\t\t\t<div class=\"elementskit-funfact-inner position_top\">\n\t\t\t\t\t\t\t\t\t<div class=\"funfact-icon\">\n\t\t\t\t\t\t<i aria-hidden=\"true\" class=\"elementskit-funfact-icon icon icon-badge\"><\/i>\t\t\t\t\t<\/div>\n\t\t\t\t\n\t\t\t\t<div class=\"funfact-content\">\n\t\t\t\t\t<div class=\"number-percentage-wraper\">\n\t\t\t\t\t\t\t\t\t\t\t\t<span class=\"number-percentage\"\n\t\t\t\t\t\t      data-value=\"7\"\n\t\t\t\t\t\t      data-animation-duration=\"3500\"\n\t\t\t\t\t\t\t  data-style=\"static\">0<\/span>\n\t\t\t\t\t\t+\t\t\t\t\t\t\t\t\t\t\t<\/div>\n\n\t\t\t\t\t<h3 class=\"funfact-title\">Des ann\u00e9es d&#039;exp\u00e9rience<\/h3>\t\t\t\t\t\t\t\t<\/div>\n\t\t<\/div>\n\t\t<\/div>\n\n\n\t\t<\/div>\t\t\t\t<\/div>\n\t\t\t\t<\/div>\n\t\t\t\t\t<\/div>\n\t\t<\/div>\n\t\t\t\t<div class=\"elementor-column elementor-col-25 elementor-top-column elementor-element elementor-element-4f4e6a0e\" data-id=\"4f4e6a0e\" data-element_type=\"column\" data-e-type=\"column\">\n\t\t\t<div class=\"elementor-widget-wrap elementor-element-populated\">\n\t\t\t\t\t\t<div class=\"elementor-element elementor-element-2c384dbb elementor-widget elementor-widget-elementskit-funfact\" data-id=\"2c384dbb\" data-element_type=\"widget\" data-e-type=\"widget\" data-widget_type=\"elementskit-funfact.default\">\n\t\t\t\t<div class=\"elementor-widget-container\">\n\t\t\t\t\t<div class=\"ekit-wid-con\" >\n\t\t<div class=\"elementskit-funfact text-center\">\n\t\t\t\n\t\t\t<div class=\"elementskit-funfact-inner position_top\">\n\t\t\t\t\t\t\t\t\t<div class=\"funfact-icon\">\n\t\t\t\t\t\t<i aria-hidden=\"true\" class=\"elementskit-funfact-icon icon icon-users2\"><\/i>\t\t\t\t\t<\/div>\n\t\t\t\t\n\t\t\t\t<div class=\"funfact-content\">\n\t\t\t\t\t<div class=\"number-percentage-wraper\">\n\t\t\t\t\t\t\t\t\t\t\t\t<span class=\"number-percentage\"\n\t\t\t\t\t\t      data-value=\"5450\"\n\t\t\t\t\t\t      data-animation-duration=\"3500\"\n\t\t\t\t\t\t\t  data-style=\"static\">0<\/span>\n\t\t\t\t\t\t+\t\t\t\t\t\t\t\t\t\t\t<\/div>\n\n\t\t\t\t\t<h3 class=\"funfact-title\">Clients<\/h3>\t\t\t\t\t\t\t\t<\/div>\n\t\t<\/div>\n\t\t<\/div>\n\n\n\t\t<\/div>\t\t\t\t<\/div>\n\t\t\t\t<\/div>\n\t\t\t\t\t<\/div>\n\t\t<\/div>\n\t\t\t\t<div class=\"elementor-column elementor-col-25 elementor-top-column elementor-element elementor-element-4c0e5de2\" data-id=\"4c0e5de2\" data-element_type=\"column\" data-e-type=\"column\">\n\t\t\t<div class=\"elementor-widget-wrap elementor-element-populated\">\n\t\t\t\t\t\t<div class=\"elementor-element elementor-element-1c974def elementor-widget elementor-widget-elementskit-funfact\" data-id=\"1c974def\" data-element_type=\"widget\" data-e-type=\"widget\" data-widget_type=\"elementskit-funfact.default\">\n\t\t\t\t<div class=\"elementor-widget-container\">\n\t\t\t\t\t<div class=\"ekit-wid-con\" >\n\t\t<div class=\"elementskit-funfact text-center\">\n\t\t\t\n\t\t\t<div class=\"elementskit-funfact-inner position_top\">\n\t\t\t\t\t\t\t\t\t<div class=\"funfact-icon\">\n\t\t\t\t\t\t<i aria-hidden=\"true\" class=\"elementskit-funfact-icon icon icon-team-1\"><\/i>\t\t\t\t\t<\/div>\n\t\t\t\t\n\t\t\t\t<div class=\"funfact-content\">\n\t\t\t\t\t<div class=\"number-percentage-wraper\">\n\t\t\t\t\t\t\t\t\t\t\t\t<span class=\"number-percentage\"\n\t\t\t\t\t\t      data-value=\"35\"\n\t\t\t\t\t\t      data-animation-duration=\"3500\"\n\t\t\t\t\t\t\t  data-style=\"static\">0<\/span>\n\t\t\t\t\t\t+\t\t\t\t\t\t\t\t\t\t\t<\/div>\n\n\t\t\t\t\t<h3 class=\"funfact-title\">Guides professionnels<\/h3>\t\t\t\t\t\t\t\t<\/div>\n\t\t<\/div>\n\t\t<\/div>\n\n\n\t\t<\/div>\t\t\t\t<\/div>\n\t\t\t\t<\/div>\n\t\t\t\t\t<\/div>\n\t\t<\/div>\n\t\t\t\t<div class=\"elementor-column elementor-col-25 elementor-top-column elementor-element elementor-element-5dec81c8\" data-id=\"5dec81c8\" data-element_type=\"column\" data-e-type=\"column\">\n\t\t\t<div class=\"elementor-widget-wrap elementor-element-populated\">\n\t\t\t\t\t\t<div class=\"elementor-element elementor-element-6aee404a elementor-widget elementor-widget-elementskit-funfact\" data-id=\"6aee404a\" data-element_type=\"widget\" data-e-type=\"widget\" data-widget_type=\"elementskit-funfact.default\">\n\t\t\t\t<div class=\"elementor-widget-container\">\n\t\t\t\t\t<div class=\"ekit-wid-con\" >\n\t\t<div class=\"elementskit-funfact text-center\">\n\t\t\t\n\t\t\t<div class=\"elementskit-funfact-inner position_top\">\n\t\t\t\t\t\t\t\t\t<div class=\"funfact-icon\">\n\t\t\t\t\t\t<i aria-hidden=\"true\" class=\"elementskit-funfact-icon icon icon-planet-earth\"><\/i>\t\t\t\t\t<\/div>\n\t\t\t\t\n\t\t\t\t<div class=\"funfact-content\">\n\t\t\t\t\t<div class=\"number-percentage-wraper\">\n\t\t\t\t\t\t\t\t\t\t\t\t<span class=\"number-percentage\"\n\t\t\t\t\t\t      data-value=\"75\"\n\t\t\t\t\t\t      data-animation-duration=\"3500\"\n\t\t\t\t\t\t\t  data-style=\"static\">0<\/span>\n\t\t\t\t\t\t+\t\t\t\t\t\t\t\t\t\t\t<\/div>\n\n\t\t\t\t\t<h3 class=\"funfact-title\">Destinations<\/h3>\t\t\t\t\t\t\t\t<\/div>\n\t\t<\/div>\n\t\t<\/div>\n\n\n\t\t<\/div>\t\t\t\t<\/div>\n\t\t\t\t<\/div>\n\t\t\t\t\t<\/div>\n\t\t<\/div>\n\t\t\t\t\t<\/div>\n\t\t<\/section>\n\t\t\t\t<section class=\"elementor-section elementor-top-section elementor-element elementor-element-30e9aba1 elementor-hidden-tablet elementor-hidden-phone elementor-section-boxed elementor-section-height-default elementor-section-height-default\" data-id=\"30e9aba1\" data-element_type=\"section\" data-e-type=\"section\">\n\t\t\t\t\t\t<div class=\"elementor-container elementor-column-gap-default\">\n\t\t\t\t\t<div class=\"elementor-column elementor-col-100 elementor-top-column elementor-element elementor-element-aeb7b36\" data-id=\"aeb7b36\" data-element_type=\"column\" data-e-type=\"column\">\n\t\t\t<div class=\"elementor-widget-wrap\">\n\t\t\t\t\t\t\t<\/div>\n\t\t<\/div>\n\t\t\t\t\t<\/div>\n\t\t<\/section>\n\t\t\t\t<\/div>","protected":false},"excerpt":{"rendered":"<p>Planetazur Our agency, expert in sustainable tourism, is here to\u00a0help you discover the most beautiful places in France and the world and live unforgettable experiences\u00a0. The trips we select are destinations often overlooked by travellers, undiscovered places for an off-the-beaten track experience! Sustainable tourism and eco-tourism are at the heart of our concept. We want [&hellip;]<\/p>\n","protected":false},"author":8,"featured_media":0,"parent":0,"menu_order":0,"comment_status":"closed","ping_status":"closed","template":"","meta":{"_embed_bokun_bokun_id":0,"footnotes":""},"class_list":["post-585","page","type-page","status-publish","hentry"],"_links":{"self":[{"href":"https:\/\/planetazur.com\/fr\/wp-json\/wp\/v2\/pages\/585","targetHints":{"allow":["GET"]}}],"collection":[{"href":"https:\/\/planetazur.com\/fr\/wp-json\/wp\/v2\/pages"}],"about":[{"href":"https:\/\/planetazur.com\/fr\/wp-json\/wp\/v2\/types\/page"}],"author":[{"embeddable":true,"href":"https:\/\/planetazur.com\/fr\/wp-json\/wp\/v2\/users\/8"}],"replies":[{"embeddable":true,"href":"https:\/\/planetazur.com\/fr\/wp-json\/wp\/v2\/comments?post=585"}],"version-history":[{"count":58,"href":"https:\/\/planetazur.com\/fr\/wp-json\/wp\/v2\/pages\/585\/revisions"}],"predecessor-version":[{"id":21169,"href":"https:\/\/planetazur.com\/fr\/wp-json\/wp\/v2\/pages\/585\/revisions\/21169"}],"wp:attachment":[{"href":"https:\/\/planetazur.com\/fr\/wp-json\/wp\/v2\/media?parent=585"}],"curies":[{"name":"wp","href":"https:\/\/api.w.org\/{rel}","templated":true}]}}